{"id":11747,"date":"2021-03-17T22:30:56","date_gmt":"2021-03-17T22:30:56","guid":{"rendered":"https:\/\/labstatsdevdev.wpenginepowered.com\/?page_id=11747"},"modified":"2021-04-07T17:11:03","modified_gmt":"2021-04-07T17:11:03","slug":"tarifs","status":"publish","type":"page","link":"https:\/\/labstats.com\/fr\/tarifs\/","title":{"rendered":"Tarifs"},"content":{"rendered":"\n<div class=\"tb-fields-and-text\" data-toolset-blocks-fields-and-text=\"360284519b991feb492b582c7d84725f\">\n<h5 style=\"text-align: center; text-transform: uppercase; margin-bottom: 0px;\">TARIFS<\/h5>\n<h1 style=\"text-align: center; margin-top: 10px; margin-bottom: 10px;\">Tarification annuelle par poste<\/h1>\n\n<\/div>\n\n\n\n<div class=\"wp-block-toolset-blocks-container tb-container alignfull\" data-toolset-blocks-container=\"38607e9ccedb1581b56834f664e672ac\"><div class=\"tb-container-inner\">\n<div style=\"height:50px\" aria-hidden=\"true\" class=\"wp-block-spacer\"><\/div>\n\n\n\n<p class=\"has-text-align-center\">Pas de frais cach\u00e9s ni de co\u00fbts de mise \u00e0 niveau. Les mises \u00e0 jour r\u00e9guli\u00e8res du produit, la formation, la mise en \u0153uvre et le support technique sont inclus.<\/p>\n\n\n\n<div style=\"height:30px\" aria-hidden=\"true\" class=\"wp-block-spacer\"><\/div>\n\n\n\n<div class=\"wp-block-geotargeting-pro-gutenberg-country\"><\/div>\n\n\n\n<div class=\"wp-block-toolset-blocks-container tb-container alignfull\" data-toolset-blocks-container=\"a9862d1e0e4bbd412cb16189bda297be\"><div class=\"tb-container-inner\">\n<div style=\"height:25px\" aria-hidden=\"true\" class=\"wp-block-spacer\"><\/div>\n\n\n\n<div class=\"wp-block-columns is-layout-flex wp-container-core-columns-is-layout-9d6595d7 wp-block-columns-is-layout-flex\">\n<div class=\"wp-block-column is-layout-flow wp-block-column-is-layout-flow\">\n<div style=\"height:25px\" aria-hidden=\"true\" class=\"wp-block-spacer\"><\/div>\n\n\n\n<div class=\"wp-block-toolset-blocks-container tb-container\" data-toolset-blocks-container=\"86c6b72e161c66e39e707771520b1932\">\n<div class=\"wp-block-toolset-blocks-container tb-container\" data-toolset-blocks-container=\"cb093c363287ff598c6fdfd21fb9bf06\">\n<h2 style=\"color:#616061;text-align:center;padding: 7px;font-size:30px;\">Standard<\/h2>\n<\/div>\n\n\n\n<h4 style=\"font-size:35px;text-align:center;margin-bottom:0px;margin-top: 30px;color:#616061\">12$<\/h4>\n\n\n\n<div class=\"wp-block-toolset-blocks-container tb-container\" data-toolset-blocks-container=\"237a30e2f74c4ac577ada26622f8e312\"><div class=\"tb-container-inner\">\n<p class=\"has-text-align-center\">par ordinateur client par an + 1000$ de frais de d\u00e9marrage<\/p>\n<\/div><\/div>\n\n\n\n<div style=\"height:90px\" aria-hidden=\"true\" class=\"wp-block-spacer\"><\/div>\n\n\n\n<p class=\"has-text-align-center\"><a href=\"\/fr\/presentation\/\">Programmer une s\u00e9ance d&rsquo;information<\/a><\/p>\n<\/div>\n<\/div>\n\n\n\n<div class=\"wp-block-column is-layout-flow wp-block-column-is-layout-flow\">\n<div style=\"height:25px\" aria-hidden=\"true\" class=\"wp-block-spacer\"><\/div>\n\n\n\n<div class=\"wp-block-toolset-blocks-container tb-container\" data-toolset-blocks-container=\"58457f7aa21902708471e52eeb1a6c69\">\n<div class=\"wp-block-toolset-blocks-container tb-container\" data-toolset-blocks-container=\"841df99ed442e025bdf257e8cbfa5aef\">\n<h2 style=\"color:#fff;text-align:center;padding: 7px;font-size:30px;\">\u00c9ducation<\/h2>\n<\/div>\n\n\n\n<h4 style=\"font-size:35px;text-align:center;margin-bottom:0px;margin-top: 30px;\">8$<\/h4>\n\n\n\n<div class=\"wp-block-toolset-blocks-container tb-container\" data-toolset-blocks-container=\"237a30e2f74c4ac577ada26622f8e312\"><div class=\"tb-container-inner\">\n<p class=\"has-text-align-center\">par ordinateur client par an + 1000$ de frais de d\u00e9marrage<\/p>\n\n\n\n<p class=\"has-text-align-center\"><\/p>\n\n\n\n<div style=\"height:14px\" aria-hidden=\"true\" class=\"wp-block-spacer\"><\/div>\n<\/div><\/div>\n\n\n\n<p class=\"has-text-align-center\"><a href=\"\/fr\/presentation\/\">Programmer une s\u00e9ance d&rsquo;information<\/a><\/p>\n<\/div>\n<\/div>\n\n\n\n<div class=\"wp-block-column is-layout-flow wp-block-column-is-layout-flow\">\n<div style=\"height:25px\" aria-hidden=\"true\" class=\"wp-block-spacer\"><\/div>\n\n\n\n<div class=\"wp-block-toolset-blocks-container tb-container\" data-toolset-blocks-container=\"ad296739edf4c01c645f30a35e12b8d1\">\n<div class=\"wp-block-toolset-blocks-container tb-container\" data-toolset-blocks-container=\"841df99ed442e025bdf257e8cbfa5aef\">\n<h2 style=\"color:#fff;text-align:center;padding: 7px;font-size:30px;\">Licence de site<\/h2>\n<\/div>\n\n\n\n<div class=\"wp-block-toolset-blocks-container tb-container\" data-toolset-blocks-container=\"5ed30998455d05202ef08747dbff0735\"><div class=\"tb-container-inner\">\n<p style=\"padding-bottom:16px;text-align:center;\">Pour une flexibilit\u00e9 de d\u00e9ploiement maximale. Programmez un appel pour que nous puissions discuter de vos besoins sp\u00e9cifiques.<\/p>\n<\/div><\/div>\n\n\n\n<p class=\"has-text-align-center\"><a href=\"\/fr\/devis\/\">Programmer une <br>discussion rapide<\/a><\/p>\n<\/div>\n<\/div>\n<\/div>\n\n\n\n<p class=\"has-text-align-center\"><em>Tous les prix sont en US dollars.<\/em><\/p>\n\n\n\n<div style=\"height:30px\" aria-hidden=\"true\" class=\"wp-block-spacer\"><\/div>\n<\/div><\/div>\n<\/div><\/div>\n\n\n\n<div class=\"wp-block-toolset-blocks-container tb-container alignfull\" data-toolset-blocks-container=\"38607e9ccedb1581b56834f664e672ac\"><div class=\"tb-container-inner\">\n<div style=\"height:50px\" aria-hidden=\"true\" class=\"wp-block-spacer\"><\/div>\n\n\n\n<div style=\"height:30px\" aria-hidden=\"true\" class=\"wp-block-spacer\"><\/div>\n\n\n\n<div class=\"wp-block-geotargeting-pro-gutenberg-country\">\n<div class=\"wp-block-toolset-blocks-container tb-container\" data-toolset-blocks-container=\"ed3832aa6201cbec5b1e5b902dc067e2\">\n<div class=\"wp-block-toolset-blocks-container tb-container alignfull\" data-toolset-blocks-container=\"a9862d1e0e4bbd412cb16189bda297be\"><div class=\"tb-container-inner\">\n<div style=\"height:25px\" aria-hidden=\"true\" class=\"wp-block-spacer\"><\/div>\n\n\n\n<div class=\"wp-block-columns is-layout-flex wp-container-core-columns-is-layout-9d6595d7 wp-block-columns-is-layout-flex\">\n<div class=\"wp-block-column is-layout-flow wp-block-column-is-layout-flow\">\n<div style=\"height:25px\" aria-hidden=\"true\" class=\"wp-block-spacer\"><\/div>\n\n\n\n<div class=\"wp-block-toolset-blocks-container tb-container\" data-toolset-blocks-container=\"86c6b72e161c66e39e707771520b1932\">\n<div class=\"wp-block-toolset-blocks-container tb-container\" data-toolset-blocks-container=\"cb093c363287ff598c6fdfd21fb9bf06\">\n<h2 style=\"color:#616061;text-align:center;padding: 7px;font-size:30px;\">Standard<\/h2>\n<\/div>\n\n\n\n<h4 style=\"font-size:35px;text-align:center;margin-bottom:0px;margin-top: 30px;color:#616061\">10\u20ac<\/h4>\n\n\n\n<div class=\"wp-block-toolset-blocks-container tb-container\" data-toolset-blocks-container=\"237a30e2f74c4ac577ada26622f8e312\"><div class=\"tb-container-inner\">\n<p class=\"has-text-align-center\">par ordinateur client par an + 850\u20ac de frais de d\u00e9marrage<\/p>\n<\/div><\/div>\n\n\n\n<div style=\"height:90px\" aria-hidden=\"true\" class=\"wp-block-spacer\"><\/div>\n\n\n\n<p class=\"has-text-align-center\"><a href=\"\/fr\/presentation\/\">Programmer une s\u00e9ance d&rsquo;information<\/a><\/p>\n<\/div>\n<\/div>\n\n\n\n<div class=\"wp-block-column is-layout-flow wp-block-column-is-layout-flow\">\n<div style=\"height:25px\" aria-hidden=\"true\" class=\"wp-block-spacer\"><\/div>\n\n\n\n<div class=\"wp-block-toolset-blocks-container tb-container\" data-toolset-blocks-container=\"58457f7aa21902708471e52eeb1a6c69\">\n<div class=\"wp-block-toolset-blocks-container tb-container\" data-toolset-blocks-container=\"841df99ed442e025bdf257e8cbfa5aef\">\n<h2 style=\"color:#fff;text-align:center;padding: 7px;font-size:30px;\">\u00c9ducation<\/h2>\n<\/div>\n\n\n\n<h4 style=\"font-size:35px;text-align:center;margin-bottom:0px;margin-top: 30px;\">6,75\u20ac<\/h4>\n\n\n\n<div class=\"wp-block-toolset-blocks-container tb-container\" data-toolset-blocks-container=\"237a30e2f74c4ac577ada26622f8e312\"><div class=\"tb-container-inner\">\n<p class=\"has-text-align-center\">par ordinateur client par an + 850\u20ac de frais de d\u00e9marrage<\/p>\n\n\n\n<p class=\"has-text-align-center\"><\/p>\n\n\n\n<div style=\"height:14px\" aria-hidden=\"true\" class=\"wp-block-spacer\"><\/div>\n<\/div><\/div>\n\n\n\n<p class=\"has-text-align-center\"><a href=\"\/fr\/presentation\/\">Programmer une s\u00e9ance d&rsquo;information<\/a><\/p>\n<\/div>\n<\/div>\n\n\n\n<div class=\"wp-block-column is-layout-flow wp-block-column-is-layout-flow\">\n<div style=\"height:25px\" aria-hidden=\"true\" class=\"wp-block-spacer\"><\/div>\n\n\n\n<div class=\"wp-block-toolset-blocks-container tb-container\" data-toolset-blocks-container=\"ad296739edf4c01c645f30a35e12b8d1\">\n<div class=\"wp-block-toolset-blocks-container tb-container\" data-toolset-blocks-container=\"841df99ed442e025bdf257e8cbfa5aef\">\n<h2 style=\"color:#fff;text-align:center;padding: 7px;font-size:30px;\">Licence de site<\/h2>\n<\/div>\n\n\n\n<div class=\"wp-block-toolset-blocks-container tb-container\" data-toolset-blocks-container=\"5ed30998455d05202ef08747dbff0735\"><div class=\"tb-container-inner\">\n<p style=\"padding-bottom:16px;text-align:center;\">Pour une flexibilit\u00e9 de d\u00e9ploiement maximale. Programmez un appel pour que nous puissions discuter de vos besoins sp\u00e9cifiques.<\/p>\n<\/div><\/div>\n\n\n\n<p class=\"has-text-align-center\"><a href=\"\/fr\/devis\/\">Programmer une <br>discussion rapide<\/a><\/p>\n<\/div>\n<\/div>\n<\/div>\n\n\n\n<div style=\"height:30px\" aria-hidden=\"true\" class=\"wp-block-spacer\"><\/div>\n<\/div><\/div>\n<\/div>\n<\/div>\n<\/div><\/div>\n\n\n\n<div class=\"wp-block-image\"><figure class=\"aligncenter size-large\"><img fetchpriority=\"high\" decoding=\"async\" width=\"450\" height=\"300\" src=\"https:\/\/labstats.com\/wp-content\/uploads\/2021\/03\/PricingQuotes_Asad-02.png\" alt=\"\" class=\"wp-image-13021\" srcset=\"https:\/\/labstats.com\/wp-content\/uploads\/2021\/03\/PricingQuotes_Asad-02-200x133.png 200w, https:\/\/labstats.com\/wp-content\/uploads\/2021\/03\/PricingQuotes_Asad-02-300x200.png 300w, https:\/\/labstats.com\/wp-content\/uploads\/2021\/03\/PricingQuotes_Asad-02-400x267.png 400w, https:\/\/labstats.com\/wp-content\/uploads\/2021\/03\/PricingQuotes_Asad-02.png 450w\" sizes=\"(max-width: 450px) 100vw, 450px\" \/><\/figure><\/div>\n","protected":false},"excerpt":{"rendered":"","protected":false},"author":4,"featured_media":0,"parent":0,"menu_order":0,"comment_status":"closed","ping_status":"closed","template":"","meta":{"content-type":"","_monsterinsights_skip_tracking":false,"_monsterinsights_sitenote_active":false,"_monsterinsights_sitenote_note":"","_monsterinsights_sitenote_category":0,"footnotes":""},"class_list":["post-11747","page","type-page","status-publish","hentry"],"yoast_head":"<!-- This site is optimized with the Yoast SEO plugin v27.5 - https:\/\/yoast.com\/product\/yoast-seo-wordpress\/ -->\n<title>Tarifs - LabStats<\/title>\n<meta name=\"robots\" content=\"index, follow, max-snippet:-1, max-image-preview:large, max-video-preview:-1\" \/>\n<link rel=\"canonical\" href=\"https:\/\/labstats.com\/fr\/tarifs\/\" \/>\n<meta property=\"og:locale\" content=\"fr_FR\" \/>\n<meta property=\"og:type\" content=\"article\" \/>\n<meta property=\"og:title\" content=\"Tarifs - LabStats\" \/>\n<meta property=\"og:url\" content=\"https:\/\/labstats.com\/fr\/tarifs\/\" \/>\n<meta property=\"og:site_name\" content=\"LabStats\" \/>\n<meta property=\"article:modified_time\" content=\"2021-04-07T17:11:03+00:00\" \/>\n<meta property=\"og:image\" content=\"https:\/\/labstats.com\/wp-content\/uploads\/2021\/03\/PricingQuotes_Asad-02.png\" \/>\n<meta name=\"twitter:card\" content=\"summary_large_image\" \/>\n<meta name=\"twitter:label1\" content=\"Dur\u00e9e de lecture estim\u00e9e\" \/>\n\t<meta name=\"twitter:data1\" content=\"1 minute\" \/>\n<script type=\"application\/ld+json\" class=\"yoast-schema-graph\">{\"@context\":\"https:\\\/\\\/schema.org\",\"@graph\":[{\"@type\":\"WebPage\",\"@id\":\"https:\\\/\\\/labstats.com\\\/fr\\\/tarifs\\\/\",\"url\":\"https:\\\/\\\/labstats.com\\\/fr\\\/tarifs\\\/\",\"name\":\"Tarifs - LabStats\",\"isPartOf\":{\"@id\":\"https:\\\/\\\/labstats.com\\\/fr\\\/#website\"},\"primaryImageOfPage\":{\"@id\":\"https:\\\/\\\/labstats.com\\\/fr\\\/tarifs\\\/#primaryimage\"},\"image\":{\"@id\":\"https:\\\/\\\/labstats.com\\\/fr\\\/tarifs\\\/#primaryimage\"},\"thumbnailUrl\":\"https:\\\/\\\/labstats.com\\\/wp-content\\\/uploads\\\/2021\\\/03\\\/PricingQuotes_Asad-02.png\",\"datePublished\":\"2021-03-17T22:30:56+00:00\",\"dateModified\":\"2021-04-07T17:11:03+00:00\",\"breadcrumb\":{\"@id\":\"https:\\\/\\\/labstats.com\\\/fr\\\/tarifs\\\/#breadcrumb\"},\"inLanguage\":\"fr-FR\",\"potentialAction\":[{\"@type\":\"ReadAction\",\"target\":[\"https:\\\/\\\/labstats.com\\\/fr\\\/tarifs\\\/\"]}]},{\"@type\":\"ImageObject\",\"inLanguage\":\"fr-FR\",\"@id\":\"https:\\\/\\\/labstats.com\\\/fr\\\/tarifs\\\/#primaryimage\",\"url\":\"https:\\\/\\\/labstats.com\\\/wp-content\\\/uploads\\\/2021\\\/03\\\/PricingQuotes_Asad-02.png\",\"contentUrl\":\"https:\\\/\\\/labstats.com\\\/wp-content\\\/uploads\\\/2021\\\/03\\\/PricingQuotes_Asad-02.png\"},{\"@type\":\"BreadcrumbList\",\"@id\":\"https:\\\/\\\/labstats.com\\\/fr\\\/tarifs\\\/#breadcrumb\",\"itemListElement\":[{\"@type\":\"ListItem\",\"position\":1,\"name\":\"Home\",\"item\":\"https:\\\/\\\/labstats.com\\\/\"},{\"@type\":\"ListItem\",\"position\":2,\"name\":\"Tarifs\"}]},{\"@type\":\"WebSite\",\"@id\":\"https:\\\/\\\/labstats.com\\\/fr\\\/#website\",\"url\":\"https:\\\/\\\/labstats.com\\\/fr\\\/\",\"name\":\"LabStats\",\"description\":\"Computer Lab Monitoring\",\"publisher\":{\"@id\":\"https:\\\/\\\/labstats.com\\\/fr\\\/#organization\"},\"potentialAction\":[{\"@type\":\"SearchAction\",\"target\":{\"@type\":\"EntryPoint\",\"urlTemplate\":\"https:\\\/\\\/labstats.com\\\/fr\\\/?s={search_term_string}\"},\"query-input\":{\"@type\":\"PropertyValueSpecification\",\"valueRequired\":true,\"valueName\":\"search_term_string\"}}],\"inLanguage\":\"fr-FR\"},{\"@type\":\"Organization\",\"@id\":\"https:\\\/\\\/labstats.com\\\/fr\\\/#organization\",\"name\":\"LabStats\",\"url\":\"https:\\\/\\\/labstats.com\\\/fr\\\/\",\"logo\":{\"@type\":\"ImageObject\",\"inLanguage\":\"fr-FR\",\"@id\":\"https:\\\/\\\/labstats.com\\\/fr\\\/#\\\/schema\\\/logo\\\/image\\\/\",\"url\":\"https:\\\/\\\/labstats.com\\\/wp-content\\\/uploads\\\/2021\\\/05\\\/LogoGoogleAdmin1.png\",\"contentUrl\":\"https:\\\/\\\/labstats.com\\\/wp-content\\\/uploads\\\/2021\\\/05\\\/LogoGoogleAdmin1.png\",\"width\":320,\"height\":110,\"caption\":\"LabStats\"},\"image\":{\"@id\":\"https:\\\/\\\/labstats.com\\\/fr\\\/#\\\/schema\\\/logo\\\/image\\\/\"}}]}<\/script>\n<!-- \/ Yoast SEO plugin. -->","yoast_head_json":{"title":"Tarifs - LabStats","robots":{"index":"index","follow":"follow","max-snippet":"max-snippet:-1","max-image-preview":"max-image-preview:large","max-video-preview":"max-video-preview:-1"},"canonical":"https:\/\/labstats.com\/fr\/tarifs\/","og_locale":"fr_FR","og_type":"article","og_title":"Tarifs - LabStats","og_url":"https:\/\/labstats.com\/fr\/tarifs\/","og_site_name":"LabStats","article_modified_time":"2021-04-07T17:11:03+00:00","og_image":[{"url":"https:\/\/labstats.com\/wp-content\/uploads\/2021\/03\/PricingQuotes_Asad-02.png","type":"","width":"","height":""}],"twitter_card":"summary_large_image","twitter_misc":{"Dur\u00e9e de lecture estim\u00e9e":"1 minute"},"schema":{"@context":"https:\/\/schema.org","@graph":[{"@type":"WebPage","@id":"https:\/\/labstats.com\/fr\/tarifs\/","url":"https:\/\/labstats.com\/fr\/tarifs\/","name":"Tarifs - LabStats","isPartOf":{"@id":"https:\/\/labstats.com\/fr\/#website"},"primaryImageOfPage":{"@id":"https:\/\/labstats.com\/fr\/tarifs\/#primaryimage"},"image":{"@id":"https:\/\/labstats.com\/fr\/tarifs\/#primaryimage"},"thumbnailUrl":"https:\/\/labstats.com\/wp-content\/uploads\/2021\/03\/PricingQuotes_Asad-02.png","datePublished":"2021-03-17T22:30:56+00:00","dateModified":"2021-04-07T17:11:03+00:00","breadcrumb":{"@id":"https:\/\/labstats.com\/fr\/tarifs\/#breadcrumb"},"inLanguage":"fr-FR","potentialAction":[{"@type":"ReadAction","target":["https:\/\/labstats.com\/fr\/tarifs\/"]}]},{"@type":"ImageObject","inLanguage":"fr-FR","@id":"https:\/\/labstats.com\/fr\/tarifs\/#primaryimage","url":"https:\/\/labstats.com\/wp-content\/uploads\/2021\/03\/PricingQuotes_Asad-02.png","contentUrl":"https:\/\/labstats.com\/wp-content\/uploads\/2021\/03\/PricingQuotes_Asad-02.png"},{"@type":"BreadcrumbList","@id":"https:\/\/labstats.com\/fr\/tarifs\/#breadcrumb","itemListElement":[{"@type":"ListItem","position":1,"name":"Home","item":"https:\/\/labstats.com\/"},{"@type":"ListItem","position":2,"name":"Tarifs"}]},{"@type":"WebSite","@id":"https:\/\/labstats.com\/fr\/#website","url":"https:\/\/labstats.com\/fr\/","name":"LabStats","description":"Computer Lab Monitoring","publisher":{"@id":"https:\/\/labstats.com\/fr\/#organization"},"potentialAction":[{"@type":"SearchAction","target":{"@type":"EntryPoint","urlTemplate":"https:\/\/labstats.com\/fr\/?s={search_term_string}"},"query-input":{"@type":"PropertyValueSpecification","valueRequired":true,"valueName":"search_term_string"}}],"inLanguage":"fr-FR"},{"@type":"Organization","@id":"https:\/\/labstats.com\/fr\/#organization","name":"LabStats","url":"https:\/\/labstats.com\/fr\/","logo":{"@type":"ImageObject","inLanguage":"fr-FR","@id":"https:\/\/labstats.com\/fr\/#\/schema\/logo\/image\/","url":"https:\/\/labstats.com\/wp-content\/uploads\/2021\/05\/LogoGoogleAdmin1.png","contentUrl":"https:\/\/labstats.com\/wp-content\/uploads\/2021\/05\/LogoGoogleAdmin1.png","width":320,"height":110,"caption":"LabStats"},"image":{"@id":"https:\/\/labstats.com\/fr\/#\/schema\/logo\/image\/"}}]}},"_links":{"self":[{"href":"https:\/\/labstats.com\/fr\/wp-json\/wp\/v2\/pages\/11747","targetHints":{"allow":["GET"]}}],"collection":[{"href":"https:\/\/labstats.com\/fr\/wp-json\/wp\/v2\/pages"}],"about":[{"href":"https:\/\/labstats.com\/fr\/wp-json\/wp\/v2\/types\/page"}],"author":[{"embeddable":true,"href":"https:\/\/labstats.com\/fr\/wp-json\/wp\/v2\/users\/4"}],"replies":[{"embeddable":true,"href":"https:\/\/labstats.com\/fr\/wp-json\/wp\/v2\/comments?post=11747"}],"version-history":[{"count":0,"href":"https:\/\/labstats.com\/fr\/wp-json\/wp\/v2\/pages\/11747\/revisions"}],"wp:attachment":[{"href":"https:\/\/labstats.com\/fr\/wp-json\/wp\/v2\/media?parent=11747"}],"curies":[{"name":"wp","href":"https:\/\/api.w.org\/{rel}","templated":true}]}}