{"id":11758,"date":"2021-03-17T22:45:36","date_gmt":"2021-03-17T22:45:36","guid":{"rendered":"https:\/\/labstatsdevdev.wpenginepowered.com\/?page_id=11758"},"modified":"2021-03-22T19:53:38","modified_gmt":"2021-03-22T19:53:38","slug":"nous-contacter","status":"publish","type":"page","link":"https:\/\/labstats.com\/fr\/nous-contacter\/","title":{"rendered":"Nous contacter"},"content":{"rendered":"\n<div class=\"tb-fields-and-text\" data-toolset-blocks-fields-and-text=\"360284519b991feb492b582c7d84725f\">\n<h5 style=\"text-align: center; text-transform: uppercase; margin-bottom: 0px;\">Compagnie<\/h5>\n<h1 style=\"text-align: center; margin-top: 10px; margin-bottom: 10px;\">Nous contacter<\/h1>\n\n<\/div>\n\n\n\n<div class=\"wp-block-toolset-blocks-container tb-container alignfull\" data-toolset-blocks-container=\"f45a615a3f45d6b64c4132341d1d31b7\"><div class=\"tb-container-inner\">\n<div style=\"height:60px\" aria-hidden=\"true\" class=\"wp-block-spacer\"><\/div>\n\n\n\n<div style=\"height:50px\" aria-hidden=\"true\" class=\"wp-block-spacer\"><\/div>\n\n\n\n<div class=\"wp-block-columns is-layout-flex wp-container-core-columns-is-layout-9d6595d7 wp-block-columns-is-layout-flex\">\n<div class=\"wp-block-column is-layout-flow wp-block-column-is-layout-flow\">\n<h3 class=\"wp-block-heading\">Parler avec un conseiller<\/h3>\n\n\n\n<p>Vous n&rsquo;\u00eates pas encore client et avez des questions sur la fa\u00e7on dont LabStats peut fonctionner pour vous et votre \u00e9tablissement?<\/p>\n<\/div>\n\n\n\n<div class=\"wp-block-column is-layout-flow wp-block-column-is-layout-flow\">\n<div style=\"height:40px\" aria-hidden=\"true\" class=\"wp-block-spacer\"><\/div>\n\n\n\n<p><i style=\"padding-right:15px;color:#00a0a8;\" class=\"far fa-calendar-alt\"><\/i> <a href=\"https:\/\/labstats.com\/fr\/presentation\/\">Programmez une s\u00e9ance d&rsquo;information<\/a><\/p>\n\n\n\n<p><i style=\"padding-right:15px;color:#00a0a8;\" class=\"fas fa-phone-alt\"><\/i> 1-208-473-2222<\/p>\n\n\n\n<p><i style=\"padding-right:15px;color:#00a0a8;\" class=\"far fa-envelope\"><\/i> ventes@labstats.com<\/p>\n<\/div>\n<\/div>\n\n\n\n<div style=\"height:70px\" aria-hidden=\"true\" class=\"wp-block-spacer\"><\/div>\n\n\n\n<div class=\"wp-block-toolset-blocks-container tb-container alignfull\" data-toolset-blocks-container=\"a9862d1e0e4bbd412cb16189bda297be\"><div class=\"tb-container-inner\">\n<div style=\"height:60px\" aria-hidden=\"true\" class=\"wp-block-spacer\"><\/div>\n\n\n\n<div class=\"wp-block-columns is-layout-flex wp-container-core-columns-is-layout-9d6595d7 wp-block-columns-is-layout-flex\">\n<div class=\"wp-block-column is-layout-flow wp-block-column-is-layout-flow\">\n<h3 class=\"wp-block-heading\" id=\"support\">Parler avec un responsable de client\u00e8le<\/h3>\n\n\n\n<p>Vous avez d\u00e9j\u00e0 LabStats et vous avez besoin d&rsquo;aide pour la configuration ou pour tirer le meilleur parti de vos donn\u00e9es?<\/p>\n<\/div>\n\n\n\n<div class=\"wp-block-column is-layout-flow wp-block-column-is-layout-flow\">\n<div style=\"height:40px\" aria-hidden=\"true\" class=\"wp-block-spacer\"><\/div>\n\n\n\n<p><i style=\"padding-right:15px;color:#00a0a8;\" class=\"far fa-calendar-alt\"><\/i> <a href=\"https:\/\/support.labstats.com\/tutorial\/\" target=\"_blank\" rel=\"noopener\">Programmez un tutoriel <i class=\"fas fa-external-link-alt\"><\/i><\/a><\/p>\n\n\n\n<p><i style=\"padding-right:15px;color:#00a0a8;\" class=\"fas fa-phone-alt\"><\/i> 1-208-473-2222<\/p>\n\n\n\n<p><i style=\"padding-right:15px;color:#00a0a8;\" class=\"far fa-envelope\"><\/i> assistance@labstats.com<\/p>\n\n\n\n<p><i style=\"padding-right:15px;color:#00a0a8;\" class=\"fas fa-ticket-alt\"><\/i> <a href=\"https:\/\/support.labstats.com\/contact-support\/#open-a-ticket\" target=\"_blank\" rel=\"noopener\">Ouvrir un ticket d\u2019assistance <i class=\"fas fa-external-link-alt\"><\/i><\/a><\/p>\n\n\n\n<p><i style=\"padding-right:15px;color:#00a0a8;\" class=\"fas fa-search\"><\/i> <a href=\"https:\/\/support.labstats.com\/\" target=\"_blank\" rel=\"noopener\">Consulter le site du support technique (Anglais) <i class=\"fas fa-external-link-alt\"><\/i><\/a><\/p>\n<\/div>\n<\/div>\n\n\n\n<div style=\"height:60px\" aria-hidden=\"true\" class=\"wp-block-spacer\"><\/div>\n<\/div><\/div>\n\n\n\n<div style=\"height:70px\" aria-hidden=\"true\" class=\"wp-block-spacer\"><\/div>\n\n\n\n<h3 class=\"has-text-align-center wp-block-heading\">Coordonn\u00e9es de l&rsquo;entreprise<\/h3>\n\n\n\n<div style=\"height:10px\" aria-hidden=\"true\" class=\"wp-block-spacer\"><\/div>\n\n\n\n<div class=\"wp-block-columns is-layout-flex wp-container-core-columns-is-layout-9d6595d7 wp-block-columns-is-layout-flex\">\n<div class=\"wp-block-column is-layout-flow wp-block-column-is-layout-flow\">\n<p class=\"has-text-align-center\">255 B Street, Suite 201<br>Idaho Falls, ID 83402<\/p>\n<\/div>\n\n\n\n<div class=\"wp-block-column is-layout-flow wp-block-column-is-layout-flow\">\n<p class=\"has-text-align-center\">T\u00e9l\u00e9phone   1-208-473-2222<br>Fax   1-208-473-2989<\/p>\n<\/div>\n\n\n\n<div class=\"wp-block-column is-layout-flow wp-block-column-is-layout-flow\">\n<p class=\"has-text-align-center\">Heures d\u2019ouverture:<br>Mon-Fri 8am-5pm MST<br><\/p>\n<\/div>\n<\/div>\n<\/div><\/div>\n","protected":false},"excerpt":{"rendered":"","protected":false},"author":4,"featured_media":0,"parent":0,"menu_order":0,"comment_status":"closed","ping_status":"closed","template":"","meta":{"content-type":"","_monsterinsights_skip_tracking":false,"_monsterinsights_sitenote_active":false,"_monsterinsights_sitenote_note":"","_monsterinsights_sitenote_category":0,"footnotes":""},"class_list":["post-11758","page","type-page","status-publish","hentry"],"yoast_head":"<!-- This site is optimized with the Yoast SEO plugin v25.9 - https:\/\/yoast.com\/wordpress\/plugins\/seo\/ -->\n<title>Nous contacter - LabStats<\/title>\n<meta name=\"robots\" content=\"index, follow, max-snippet:-1, max-image-preview:large, max-video-preview:-1\" \/>\n<link rel=\"canonical\" href=\"https:\/\/labstats.com\/fr\/nous-contacter\/\" \/>\n<meta property=\"og:locale\" content=\"fr_FR\" \/>\n<meta property=\"og:type\" content=\"article\" \/>\n<meta property=\"og:title\" content=\"Nous contacter - LabStats\" \/>\n<meta property=\"og:url\" content=\"https:\/\/labstats.com\/fr\/nous-contacter\/\" \/>\n<meta property=\"og:site_name\" content=\"LabStats\" \/>\n<meta property=\"article:modified_time\" content=\"2021-03-22T19:53:38+00:00\" \/>\n<meta name=\"twitter:card\" content=\"summary_large_image\" \/>\n<meta name=\"twitter:label1\" content=\"Dur\u00e9e de lecture estim\u00e9e\" \/>\n\t<meta name=\"twitter:data1\" content=\"1 minute\" \/>\n<script type=\"application\/ld+json\" class=\"yoast-schema-graph\">{\"@context\":\"https:\/\/schema.org\",\"@graph\":[{\"@type\":\"WebPage\",\"@id\":\"https:\/\/labstats.com\/fr\/nous-contacter\/\",\"url\":\"https:\/\/labstats.com\/fr\/nous-contacter\/\",\"name\":\"Nous contacter - LabStats\",\"isPartOf\":{\"@id\":\"https:\/\/labstats.com\/fr\/#website\"},\"datePublished\":\"2021-03-17T22:45:36+00:00\",\"dateModified\":\"2021-03-22T19:53:38+00:00\",\"breadcrumb\":{\"@id\":\"https:\/\/labstats.com\/fr\/nous-contacter\/#breadcrumb\"},\"inLanguage\":\"fr-FR\",\"potentialAction\":[{\"@type\":\"ReadAction\",\"target\":[\"https:\/\/labstats.com\/fr\/nous-contacter\/\"]}]},{\"@type\":\"BreadcrumbList\",\"@id\":\"https:\/\/labstats.com\/fr\/nous-contacter\/#breadcrumb\",\"itemListElement\":[{\"@type\":\"ListItem\",\"position\":1,\"name\":\"Home\",\"item\":\"https:\/\/labstats.com\/\"},{\"@type\":\"ListItem\",\"position\":2,\"name\":\"Nous contacter\"}]},{\"@type\":\"WebSite\",\"@id\":\"https:\/\/labstats.com\/fr\/#website\",\"url\":\"https:\/\/labstats.com\/fr\/\",\"name\":\"LabStats\",\"description\":\"Computer Lab Monitoring\",\"publisher\":{\"@id\":\"https:\/\/labstats.com\/fr\/#organization\"},\"potentialAction\":[{\"@type\":\"SearchAction\",\"target\":{\"@type\":\"EntryPoint\",\"urlTemplate\":\"https:\/\/labstats.com\/fr\/?s={search_term_string}\"},\"query-input\":{\"@type\":\"PropertyValueSpecification\",\"valueRequired\":true,\"valueName\":\"search_term_string\"}}],\"inLanguage\":\"fr-FR\"},{\"@type\":\"Organization\",\"@id\":\"https:\/\/labstats.com\/fr\/#organization\",\"name\":\"LabStats\",\"url\":\"https:\/\/labstats.com\/fr\/\",\"logo\":{\"@type\":\"ImageObject\",\"inLanguage\":\"fr-FR\",\"@id\":\"https:\/\/labstats.com\/fr\/#\/schema\/logo\/image\/\",\"url\":\"https:\/\/labstats.com\/wp-content\/uploads\/2021\/05\/LogoGoogleAdmin1.png\",\"contentUrl\":\"https:\/\/labstats.com\/wp-content\/uploads\/2021\/05\/LogoGoogleAdmin1.png\",\"width\":320,\"height\":110,\"caption\":\"LabStats\"},\"image\":{\"@id\":\"https:\/\/labstats.com\/fr\/#\/schema\/logo\/image\/\"}}]}<\/script>\n<!-- \/ Yoast SEO plugin. -->","yoast_head_json":{"title":"Nous contacter - LabStats","robots":{"index":"index","follow":"follow","max-snippet":"max-snippet:-1","max-image-preview":"max-image-preview:large","max-video-preview":"max-video-preview:-1"},"canonical":"https:\/\/labstats.com\/fr\/nous-contacter\/","og_locale":"fr_FR","og_type":"article","og_title":"Nous contacter - LabStats","og_url":"https:\/\/labstats.com\/fr\/nous-contacter\/","og_site_name":"LabStats","article_modified_time":"2021-03-22T19:53:38+00:00","twitter_card":"summary_large_image","twitter_misc":{"Dur\u00e9e de lecture estim\u00e9e":"1 minute"},"schema":{"@context":"https:\/\/schema.org","@graph":[{"@type":"WebPage","@id":"https:\/\/labstats.com\/fr\/nous-contacter\/","url":"https:\/\/labstats.com\/fr\/nous-contacter\/","name":"Nous contacter - LabStats","isPartOf":{"@id":"https:\/\/labstats.com\/fr\/#website"},"datePublished":"2021-03-17T22:45:36+00:00","dateModified":"2021-03-22T19:53:38+00:00","breadcrumb":{"@id":"https:\/\/labstats.com\/fr\/nous-contacter\/#breadcrumb"},"inLanguage":"fr-FR","potentialAction":[{"@type":"ReadAction","target":["https:\/\/labstats.com\/fr\/nous-contacter\/"]}]},{"@type":"BreadcrumbList","@id":"https:\/\/labstats.com\/fr\/nous-contacter\/#breadcrumb","itemListElement":[{"@type":"ListItem","position":1,"name":"Home","item":"https:\/\/labstats.com\/"},{"@type":"ListItem","position":2,"name":"Nous contacter"}]},{"@type":"WebSite","@id":"https:\/\/labstats.com\/fr\/#website","url":"https:\/\/labstats.com\/fr\/","name":"LabStats","description":"Computer Lab Monitoring","publisher":{"@id":"https:\/\/labstats.com\/fr\/#organization"},"potentialAction":[{"@type":"SearchAction","target":{"@type":"EntryPoint","urlTemplate":"https:\/\/labstats.com\/fr\/?s={search_term_string}"},"query-input":{"@type":"PropertyValueSpecification","valueRequired":true,"valueName":"search_term_string"}}],"inLanguage":"fr-FR"},{"@type":"Organization","@id":"https:\/\/labstats.com\/fr\/#organization","name":"LabStats","url":"https:\/\/labstats.com\/fr\/","logo":{"@type":"ImageObject","inLanguage":"fr-FR","@id":"https:\/\/labstats.com\/fr\/#\/schema\/logo\/image\/","url":"https:\/\/labstats.com\/wp-content\/uploads\/2021\/05\/LogoGoogleAdmin1.png","contentUrl":"https:\/\/labstats.com\/wp-content\/uploads\/2021\/05\/LogoGoogleAdmin1.png","width":320,"height":110,"caption":"LabStats"},"image":{"@id":"https:\/\/labstats.com\/fr\/#\/schema\/logo\/image\/"}}]}},"_links":{"self":[{"href":"https:\/\/labstats.com\/fr\/wp-json\/wp\/v2\/pages\/11758","targetHints":{"allow":["GET"]}}],"collection":[{"href":"https:\/\/labstats.com\/fr\/wp-json\/wp\/v2\/pages"}],"about":[{"href":"https:\/\/labstats.com\/fr\/wp-json\/wp\/v2\/types\/page"}],"author":[{"embeddable":true,"href":"https:\/\/labstats.com\/fr\/wp-json\/wp\/v2\/users\/4"}],"replies":[{"embeddable":true,"href":"https:\/\/labstats.com\/fr\/wp-json\/wp\/v2\/comments?post=11758"}],"version-history":[{"count":0,"href":"https:\/\/labstats.com\/fr\/wp-json\/wp\/v2\/pages\/11758\/revisions"}],"wp:attachment":[{"href":"https:\/\/labstats.com\/fr\/wp-json\/wp\/v2\/media?parent=11758"}],"curies":[{"name":"wp","href":"https:\/\/api.w.org\/{rel}","templated":true}]}}