{"id":11786,"date":"2021-03-18T16:04:35","date_gmt":"2021-03-18T16:04:35","guid":{"rendered":"https:\/\/labstatsdevdev.wpenginepowered.com\/?page_id=11786"},"modified":"2021-03-18T18:35:07","modified_gmt":"2021-03-18T18:35:07","slug":"rapports","status":"publish","type":"page","link":"https:\/\/labstats.com\/fr\/rapports\/","title":{"rendered":"Rapports"},"content":{"rendered":"\n<div class=\"tb-fields-and-text\" data-toolset-blocks-fields-and-text=\"360284519b991feb492b582c7d84725f\">\n<h5 style=\"text-align: center; text-transform: uppercase; margin-bottom: 0px;\">PRODUIT<\/h5>\n<h1 style=\"text-align: center; margin-top: 10px; margin-bottom: 10px;\">Rapports<\/h1>\n<\/div>\n\n\n\n<div style=\"height:80px\" aria-hidden=\"true\" class=\"wp-block-spacer\"><\/div>\n\n\n\n<div class=\"wp-block-columns is-layout-flex wp-container-core-columns-is-layout-9d6595d7 wp-block-columns-is-layout-flex\">\n<div class=\"wp-block-column is-layout-flow wp-block-column-is-layout-flow\">\n<div class=\"wp-block-image\"><figure class=\"aligncenter size-large\"><img fetchpriority=\"high\" decoding=\"async\" width=\"450\" height=\"300\" src=\"https:\/\/labstats.com\/wp-content\/uploads\/2021\/03\/Reports_Images_450-03.png\" alt=\"\" class=\"wp-image-9248\" srcset=\"https:\/\/labstats.com\/wp-content\/uploads\/2021\/03\/Reports_Images_450-03-200x133.png 200w, https:\/\/labstats.com\/wp-content\/uploads\/2021\/03\/Reports_Images_450-03-300x200.png 300w, https:\/\/labstats.com\/wp-content\/uploads\/2021\/03\/Reports_Images_450-03-400x267.png 400w, https:\/\/labstats.com\/wp-content\/uploads\/2021\/03\/Reports_Images_450-03.png 450w\" sizes=\"(max-width: 450px) 100vw, 450px\" \/><\/figure><\/div>\n<\/div>\n\n\n\n<div class=\"wp-block-column is-layout-flow wp-block-column-is-layout-flow\">\n<div style=\"height:20px\" aria-hidden=\"true\" class=\"wp-block-spacer\"><\/div>\n\n\n\n<h3 class=\"wp-block-heading\">Des donn\u00e9es pour guider votre strat\u00e9gie informatique<\/h3>\n\n\n\n<p>Optimisez vos d\u00e9penses informatiques. Les statistiques d&rsquo;utilisation r\u00e9v\u00e8lent o\u00f9 vous pouvez faire des \u00e9conomies en identifiant le mat\u00e9riel et les logiciels inutilis\u00e9s, ou les endroits o\u00f9 les utilisateurs ont besoin de plus de ressources.<\/p>\n<\/div>\n<\/div>\n\n\n\n<div style=\"height:50px\" aria-hidden=\"true\" class=\"wp-block-spacer\"><\/div>\n\n\n\n<div class=\"wp-block-toolset-blocks-container tb-container alignfull\" data-toolset-blocks-container=\"a9862d1e0e4bbd412cb16189bda297be\"><div class=\"tb-container-inner\">\n<div style=\"height:30px\" aria-hidden=\"true\" class=\"wp-block-spacer\"><\/div>\n\n\n\n<div class=\"wp-block-columns is-layout-flex wp-container-core-columns-is-layout-9d6595d7 wp-block-columns-is-layout-flex\">\n<div class=\"wp-block-column is-layout-flow wp-block-column-is-layout-flow\">\n<h3 class=\"wp-block-heading\">Des rapports pour mieux comprendre l&rsquo;utilisation<\/h3>\n\n\n\n<p>Aucune d\u00e9cision ne requiert exactement les m\u00eames donn\u00e9es. Les rapports LabStats vous aident \u00e0 obtenir des donn\u00e9es pour am\u00e9liorer l&rsquo;exp\u00e9rience des \u00e9tudiants, am\u00e9liorer l&rsquo;acc\u00e8s aux ressources, \u00e9conomiser sur les d\u00e9penses informatiques, et plus encore.<\/p>\n\n\n\n<p>Obtenez les d\u00e9tails dont vous avez besoin gr\u00e2ce \u00e0 des rapports tels que l&rsquo;historique d&rsquo;utilisation, l&rsquo;historique des connexions, les pics d&rsquo;utilisation, l&rsquo;historique des sessions actives, les r\u00e9sum\u00e9s des connexions et bien plus encore.<\/p>\n<\/div>\n\n\n\n<div class=\"wp-block-column is-layout-flow wp-block-column-is-layout-flow\">\n<div style=\"height:60px\" aria-hidden=\"true\" class=\"wp-block-spacer\"><\/div>\n\n\n\n<div class=\"wp-block-image\"><figure class=\"aligncenter size-large\"><img decoding=\"async\" width=\"450\" height=\"300\" src=\"https:\/\/labstats.com\/wp-content\/uploads\/2021\/03\/Reports_Images_450-06.png\" alt=\"\" class=\"wp-image-9238\" srcset=\"https:\/\/labstats.com\/wp-content\/uploads\/2021\/03\/Reports_Images_450-06-200x133.png 200w, https:\/\/labstats.com\/wp-content\/uploads\/2021\/03\/Reports_Images_450-06-300x200.png 300w, https:\/\/labstats.com\/wp-content\/uploads\/2021\/03\/Reports_Images_450-06-400x267.png 400w, https:\/\/labstats.com\/wp-content\/uploads\/2021\/03\/Reports_Images_450-06.png 450w\" sizes=\"(max-width: 450px) 100vw, 450px\" \/><\/figure><\/div>\n<\/div>\n<\/div>\n\n\n\n<div style=\"height:30px\" aria-hidden=\"true\" class=\"wp-block-spacer\"><\/div>\n<\/div><\/div>\n\n\n\n<div style=\"height:50px\" aria-hidden=\"true\" class=\"wp-block-spacer\"><\/div>\n\n\n\n<div class=\"wp-block-columns is-layout-flex wp-container-core-columns-is-layout-9d6595d7 wp-block-columns-is-layout-flex\">\n<div class=\"wp-block-column is-layout-flow wp-block-column-is-layout-flow\">\n<div class=\"wp-block-image\"><figure class=\"aligncenter size-large\"><img decoding=\"async\" width=\"450\" height=\"300\" src=\"https:\/\/labstats.com\/wp-content\/uploads\/2021\/03\/Reports_Images_450-02.png\" alt=\"\" class=\"wp-image-9242\" srcset=\"https:\/\/labstats.com\/wp-content\/uploads\/2021\/03\/Reports_Images_450-02-200x133.png 200w, https:\/\/labstats.com\/wp-content\/uploads\/2021\/03\/Reports_Images_450-02-300x200.png 300w, https:\/\/labstats.com\/wp-content\/uploads\/2021\/03\/Reports_Images_450-02-400x267.png 400w, https:\/\/labstats.com\/wp-content\/uploads\/2021\/03\/Reports_Images_450-02.png 450w\" sizes=\"(max-width: 450px) 100vw, 450px\" \/><\/figure><\/div>\n<\/div>\n\n\n\n<div class=\"wp-block-column is-layout-flow wp-block-column-is-layout-flow\">\n<h3 class=\"wp-block-heading\">Ne prenez plus de d\u00e9cision sans donn\u00e9es<\/h3>\n\n\n\n<p>Fini les conjectures. Utilisez les donn\u00e9es pour \u00eatre certain d&rsquo;am\u00e9liorer l&rsquo;exp\u00e9rience de vos utilisateurs sans gaspiller votre budget, le temps du personnel ou le mat\u00e9riel.<\/p>\n<\/div>\n<\/div>\n\n\n\n<div style=\"height:50px\" aria-hidden=\"true\" class=\"wp-block-spacer\"><\/div>\n\n\n\n<div class=\"wp-block-toolset-blocks-container tb-container alignfull\" data-toolset-blocks-container=\"a9862d1e0e4bbd412cb16189bda297be\"><div class=\"tb-container-inner\">\n<div style=\"height:30px\" aria-hidden=\"true\" class=\"wp-block-spacer\"><\/div>\n\n\n\n<div class=\"wp-block-columns is-layout-flex wp-container-core-columns-is-layout-9d6595d7 wp-block-columns-is-layout-flex\">\n<div class=\"wp-block-column is-layout-flow wp-block-column-is-layout-flow\">\n<h3 class=\"wp-block-heading\">Utiliser les rapports pour votre \u00e9tablissement<\/h3>\n\n\n\n<p><a href=\"\/fr\/presentation\/\">Programmez une s\u00e9ance d&rsquo;information<\/a> pour discuter de la mani\u00e8re dont vous pouvez utiliser les rapports pour prendre des d\u00e9cisions bas\u00e9es sur des donn\u00e9es.<\/p>\n<\/div>\n\n\n\n<div class=\"wp-block-column is-layout-flow wp-block-column-is-layout-flow\">\n<div class=\"wp-block-image\"><figure class=\"aligncenter size-large\"><img loading=\"lazy\" decoding=\"async\" width=\"450\" height=\"300\" src=\"https:\/\/labstats.com\/wp-content\/uploads\/2021\/03\/Reports_Images_450-04.png\" alt=\"\" class=\"wp-image-9244\" srcset=\"https:\/\/labstats.com\/wp-content\/uploads\/2021\/03\/Reports_Images_450-04-200x133.png 200w, https:\/\/labstats.com\/wp-content\/uploads\/2021\/03\/Reports_Images_450-04-300x200.png 300w, https:\/\/labstats.com\/wp-content\/uploads\/2021\/03\/Reports_Images_450-04-400x267.png 400w, https:\/\/labstats.com\/wp-content\/uploads\/2021\/03\/Reports_Images_450-04.png 450w\" sizes=\"(max-width: 450px) 100vw, 450px\" \/><\/figure><\/div>\n<\/div>\n<\/div>\n\n\n\n<div style=\"height:30px\" aria-hidden=\"true\" class=\"wp-block-spacer\"><\/div>\n<\/div><\/div>\n\n\n\n<div style=\"height:65px\" aria-hidden=\"true\" class=\"wp-block-spacer\"><\/div>\n\n\n\n<h3 class=\"has-text-align-center wp-block-heading\">En savoir plus sur les rapports<\/h3>\n\n\n\n<div style=\"height:40px\" aria-hidden=\"true\" class=\"wp-block-spacer\"><\/div>\n\n\n\n<div class=\"wp-block-columns is-layout-flex wp-container-core-columns-is-layout-9d6595d7 wp-block-columns-is-layout-flex\">\n<div class=\"wp-block-column is-layout-flow wp-block-column-is-layout-flow\">\n<h3 class=\"wp-block-heading\">Parler avec un conseiller<\/h3>\n\n\n\n<p>Vous n&rsquo;\u00eates pas encore client et avez des questions sur la fa\u00e7on dont LabStats peut fonctionner pour vous et votre \u00e9tablissement?<\/p>\n<\/div>\n\n\n\n<div class=\"wp-block-column is-layout-flow wp-block-column-is-layout-flow\">\n<div style=\"height:40px\" aria-hidden=\"true\" class=\"wp-block-spacer\"><\/div>\n\n\n\n<p><i style=\"padding-right:15px;color:#00a0a8;\" class=\"far fa-calendar-alt\"><\/i> <a href=\"https:\/\/labstats.com\/fr\/presentation\/\">Programmez une s\u00e9ance d&rsquo;information<\/a><\/p>\n\n\n\n<p><i style=\"padding-right:15px;color:#00a0a8;\" class=\"fas fa-phone-alt\"><\/i> 1-208-473-2222<\/p>\n\n\n\n<p><i style=\"padding-right:15px;color:#00a0a8;\" class=\"far fa-envelope\"><\/i> ventes@labstats.com<\/p>\n<\/div>\n<\/div>\n","protected":false},"excerpt":{"rendered":"<p>Des donn\u00e9es pour guider votre strat\u00e9gie informatique Optimisez vos d\u00e9penses [&hellip;]<\/p>\n","protected":false},"author":4,"featured_media":0,"parent":0,"menu_order":0,"comment_status":"closed","ping_status":"closed","template":"","meta":{"content-type":"","_monsterinsights_skip_tracking":false,"_monsterinsights_sitenote_active":false,"_monsterinsights_sitenote_note":"","_monsterinsights_sitenote_category":0,"footnotes":""},"class_list":["post-11786","page","type-page","status-publish","hentry"],"yoast_head":"<!-- This site is optimized with the Yoast SEO plugin v25.9 - https:\/\/yoast.com\/wordpress\/plugins\/seo\/ -->\n<title>Rapports - LabStats<\/title>\n<meta name=\"robots\" content=\"index, follow, max-snippet:-1, max-image-preview:large, max-video-preview:-1\" \/>\n<link rel=\"canonical\" href=\"https:\/\/labstats.com\/fr\/rapports\/\" \/>\n<meta property=\"og:locale\" content=\"fr_FR\" \/>\n<meta property=\"og:type\" content=\"article\" \/>\n<meta property=\"og:title\" content=\"Rapports - LabStats\" \/>\n<meta property=\"og:description\" content=\"Des donn\u00e9es pour guider votre strat\u00e9gie informatique Optimisez vos d\u00e9penses [&hellip;]\" \/>\n<meta property=\"og:url\" content=\"https:\/\/labstats.com\/fr\/rapports\/\" \/>\n<meta property=\"og:site_name\" content=\"LabStats\" \/>\n<meta property=\"article:modified_time\" content=\"2021-03-18T18:35:07+00:00\" \/>\n<meta property=\"og:image\" content=\"https:\/\/labstats.com\/wp-content\/uploads\/2021\/03\/Reports_Images_450-03.png\" \/>\n<meta name=\"twitter:card\" content=\"summary_large_image\" \/>\n<meta name=\"twitter:label1\" content=\"Dur\u00e9e de lecture estim\u00e9e\" \/>\n\t<meta name=\"twitter:data1\" content=\"1 minute\" \/>\n<script type=\"application\/ld+json\" class=\"yoast-schema-graph\">{\"@context\":\"https:\/\/schema.org\",\"@graph\":[{\"@type\":\"WebPage\",\"@id\":\"https:\/\/labstats.com\/fr\/rapports\/\",\"url\":\"https:\/\/labstats.com\/fr\/rapports\/\",\"name\":\"Rapports - LabStats\",\"isPartOf\":{\"@id\":\"https:\/\/labstats.com\/fr\/#website\"},\"primaryImageOfPage\":{\"@id\":\"https:\/\/labstats.com\/fr\/rapports\/#primaryimage\"},\"image\":{\"@id\":\"https:\/\/labstats.com\/fr\/rapports\/#primaryimage\"},\"thumbnailUrl\":\"https:\/\/labstats.com\/wp-content\/uploads\/2021\/03\/Reports_Images_450-03.png\",\"datePublished\":\"2021-03-18T16:04:35+00:00\",\"dateModified\":\"2021-03-18T18:35:07+00:00\",\"breadcrumb\":{\"@id\":\"https:\/\/labstats.com\/fr\/rapports\/#breadcrumb\"},\"inLanguage\":\"fr-FR\",\"potentialAction\":[{\"@type\":\"ReadAction\",\"target\":[\"https:\/\/labstats.com\/fr\/rapports\/\"]}]},{\"@type\":\"ImageObject\",\"inLanguage\":\"fr-FR\",\"@id\":\"https:\/\/labstats.com\/fr\/rapports\/#primaryimage\",\"url\":\"https:\/\/labstats.com\/wp-content\/uploads\/2021\/03\/Reports_Images_450-03.png\",\"contentUrl\":\"https:\/\/labstats.com\/wp-content\/uploads\/2021\/03\/Reports_Images_450-03.png\"},{\"@type\":\"BreadcrumbList\",\"@id\":\"https:\/\/labstats.com\/fr\/rapports\/#breadcrumb\",\"itemListElement\":[{\"@type\":\"ListItem\",\"position\":1,\"name\":\"Home\",\"item\":\"https:\/\/labstats.com\/\"},{\"@type\":\"ListItem\",\"position\":2,\"name\":\"Rapports\"}]},{\"@type\":\"WebSite\",\"@id\":\"https:\/\/labstats.com\/fr\/#website\",\"url\":\"https:\/\/labstats.com\/fr\/\",\"name\":\"LabStats\",\"description\":\"Computer Lab Monitoring\",\"publisher\":{\"@id\":\"https:\/\/labstats.com\/fr\/#organization\"},\"potentialAction\":[{\"@type\":\"SearchAction\",\"target\":{\"@type\":\"EntryPoint\",\"urlTemplate\":\"https:\/\/labstats.com\/fr\/?s={search_term_string}\"},\"query-input\":{\"@type\":\"PropertyValueSpecification\",\"valueRequired\":true,\"valueName\":\"search_term_string\"}}],\"inLanguage\":\"fr-FR\"},{\"@type\":\"Organization\",\"@id\":\"https:\/\/labstats.com\/fr\/#organization\",\"name\":\"LabStats\",\"url\":\"https:\/\/labstats.com\/fr\/\",\"logo\":{\"@type\":\"ImageObject\",\"inLanguage\":\"fr-FR\",\"@id\":\"https:\/\/labstats.com\/fr\/#\/schema\/logo\/image\/\",\"url\":\"https:\/\/labstats.com\/wp-content\/uploads\/2021\/05\/LogoGoogleAdmin1.png\",\"contentUrl\":\"https:\/\/labstats.com\/wp-content\/uploads\/2021\/05\/LogoGoogleAdmin1.png\",\"width\":320,\"height\":110,\"caption\":\"LabStats\"},\"image\":{\"@id\":\"https:\/\/labstats.com\/fr\/#\/schema\/logo\/image\/\"}}]}<\/script>\n<!-- \/ Yoast SEO plugin. -->","yoast_head_json":{"title":"Rapports - LabStats","robots":{"index":"index","follow":"follow","max-snippet":"max-snippet:-1","max-image-preview":"max-image-preview:large","max-video-preview":"max-video-preview:-1"},"canonical":"https:\/\/labstats.com\/fr\/rapports\/","og_locale":"fr_FR","og_type":"article","og_title":"Rapports - LabStats","og_description":"Des donn\u00e9es pour guider votre strat\u00e9gie informatique Optimisez vos d\u00e9penses [&hellip;]","og_url":"https:\/\/labstats.com\/fr\/rapports\/","og_site_name":"LabStats","article_modified_time":"2021-03-18T18:35:07+00:00","og_image":[{"url":"https:\/\/labstats.com\/wp-content\/uploads\/2021\/03\/Reports_Images_450-03.png","type":"","width":"","height":""}],"twitter_card":"summary_large_image","twitter_misc":{"Dur\u00e9e de lecture estim\u00e9e":"1 minute"},"schema":{"@context":"https:\/\/schema.org","@graph":[{"@type":"WebPage","@id":"https:\/\/labstats.com\/fr\/rapports\/","url":"https:\/\/labstats.com\/fr\/rapports\/","name":"Rapports - LabStats","isPartOf":{"@id":"https:\/\/labstats.com\/fr\/#website"},"primaryImageOfPage":{"@id":"https:\/\/labstats.com\/fr\/rapports\/#primaryimage"},"image":{"@id":"https:\/\/labstats.com\/fr\/rapports\/#primaryimage"},"thumbnailUrl":"https:\/\/labstats.com\/wp-content\/uploads\/2021\/03\/Reports_Images_450-03.png","datePublished":"2021-03-18T16:04:35+00:00","dateModified":"2021-03-18T18:35:07+00:00","breadcrumb":{"@id":"https:\/\/labstats.com\/fr\/rapports\/#breadcrumb"},"inLanguage":"fr-FR","potentialAction":[{"@type":"ReadAction","target":["https:\/\/labstats.com\/fr\/rapports\/"]}]},{"@type":"ImageObject","inLanguage":"fr-FR","@id":"https:\/\/labstats.com\/fr\/rapports\/#primaryimage","url":"https:\/\/labstats.com\/wp-content\/uploads\/2021\/03\/Reports_Images_450-03.png","contentUrl":"https:\/\/labstats.com\/wp-content\/uploads\/2021\/03\/Reports_Images_450-03.png"},{"@type":"BreadcrumbList","@id":"https:\/\/labstats.com\/fr\/rapports\/#breadcrumb","itemListElement":[{"@type":"ListItem","position":1,"name":"Home","item":"https:\/\/labstats.com\/"},{"@type":"ListItem","position":2,"name":"Rapports"}]},{"@type":"WebSite","@id":"https:\/\/labstats.com\/fr\/#website","url":"https:\/\/labstats.com\/fr\/","name":"LabStats","description":"Computer Lab Monitoring","publisher":{"@id":"https:\/\/labstats.com\/fr\/#organization"},"potentialAction":[{"@type":"SearchAction","target":{"@type":"EntryPoint","urlTemplate":"https:\/\/labstats.com\/fr\/?s={search_term_string}"},"query-input":{"@type":"PropertyValueSpecification","valueRequired":true,"valueName":"search_term_string"}}],"inLanguage":"fr-FR"},{"@type":"Organization","@id":"https:\/\/labstats.com\/fr\/#organization","name":"LabStats","url":"https:\/\/labstats.com\/fr\/","logo":{"@type":"ImageObject","inLanguage":"fr-FR","@id":"https:\/\/labstats.com\/fr\/#\/schema\/logo\/image\/","url":"https:\/\/labstats.com\/wp-content\/uploads\/2021\/05\/LogoGoogleAdmin1.png","contentUrl":"https:\/\/labstats.com\/wp-content\/uploads\/2021\/05\/LogoGoogleAdmin1.png","width":320,"height":110,"caption":"LabStats"},"image":{"@id":"https:\/\/labstats.com\/fr\/#\/schema\/logo\/image\/"}}]}},"_links":{"self":[{"href":"https:\/\/labstats.com\/fr\/wp-json\/wp\/v2\/pages\/11786","targetHints":{"allow":["GET"]}}],"collection":[{"href":"https:\/\/labstats.com\/fr\/wp-json\/wp\/v2\/pages"}],"about":[{"href":"https:\/\/labstats.com\/fr\/wp-json\/wp\/v2\/types\/page"}],"author":[{"embeddable":true,"href":"https:\/\/labstats.com\/fr\/wp-json\/wp\/v2\/users\/4"}],"replies":[{"embeddable":true,"href":"https:\/\/labstats.com\/fr\/wp-json\/wp\/v2\/comments?post=11786"}],"version-history":[{"count":0,"href":"https:\/\/labstats.com\/fr\/wp-json\/wp\/v2\/pages\/11786\/revisions"}],"wp:attachment":[{"href":"https:\/\/labstats.com\/fr\/wp-json\/wp\/v2\/media?parent=11786"}],"curies":[{"name":"wp","href":"https:\/\/api.w.org\/{rel}","templated":true}]}}