{"id":11881,"date":"2021-03-18T18:47:21","date_gmt":"2021-03-18T18:47:21","guid":{"rendered":"https:\/\/labstatsdevdev.wpenginepowered.com\/?page_id=11881"},"modified":"2021-03-20T17:32:36","modified_gmt":"2021-03-20T17:32:36","slug":"labmaps","status":"publish","type":"page","link":"https:\/\/labstats.com\/fr\/labmaps\/","title":{"rendered":"LabMaps"},"content":{"rendered":"\n<div class=\"tb-fields-and-text\" data-toolset-blocks-fields-and-text=\"360284519b991feb492b582c7d84725f\">\n<h5 style=\"text-align: center; text-transform: uppercase; margin-bottom: 0px;\">Produit<\/h5>\n<h1 style=\"text-align: center; margin-top: 10px; margin-bottom: 10px;\">LabMaps<\/h1>\n<\/div>\n\n\n\n<div style=\"height:90px\" aria-hidden=\"true\" class=\"wp-block-spacer\"><\/div>\n\n\n\n<div class=\"wp-block-columns is-layout-flex wp-container-core-columns-is-layout-9d6595d7 wp-block-columns-is-layout-flex\">\n<div class=\"wp-block-column is-layout-flow wp-block-column-is-layout-flow\">\n<div class=\"wp-block-image is-style-default\"><figure class=\"aligncenter size-large\"><img fetchpriority=\"high\" decoding=\"async\" width=\"450\" height=\"300\" src=\"https:\/\/labstats.com\/wp-content\/uploads\/2021\/03\/2021-03-18.png\" alt=\"\" class=\"wp-image-11894\" srcset=\"https:\/\/labstats.com\/wp-content\/uploads\/2021\/03\/2021-03-18-200x133.png 200w, https:\/\/labstats.com\/wp-content\/uploads\/2021\/03\/2021-03-18-300x200.png 300w, https:\/\/labstats.com\/wp-content\/uploads\/2021\/03\/2021-03-18-400x267.png 400w, https:\/\/labstats.com\/wp-content\/uploads\/2021\/03\/2021-03-18.png 450w\" sizes=\"(max-width: 450px) 100vw, 450px\" \/><\/figure><\/div>\n<\/div>\n\n\n\n<div class=\"wp-block-column is-layout-flow wp-block-column-is-layout-flow\">\n<div style=\"height:30px\" aria-hidden=\"true\" class=\"wp-block-spacer\"><\/div>\n\n\n\n<h3 class=\"wp-block-heading\">Montrez aux \u00e9tudiants o\u00f9 se trouvent les ordinateurs et les logiciels sur le campus<\/h3>\n\n\n\n<p>Montrez en direct la disponibilit\u00e9 des ressources informatiques sur des kiosques, des affichages publics ou directement sur le site web de votre \u00e9cole ou universit\u00e9.<\/p>\n<\/div>\n<\/div>\n\n\n\n<div style=\"height:20px\" aria-hidden=\"true\" class=\"wp-block-spacer\"><\/div>\n\n\n\n<div class=\"wp-block-toolset-blocks-container tb-container alignfull\" data-toolset-blocks-container=\"a9862d1e0e4bbd412cb16189bda297be\"><div class=\"tb-container-inner\">\n<div style=\"height:60px\" aria-hidden=\"true\" class=\"wp-block-spacer\"><\/div>\n\n\n\n<div class=\"wp-block-columns is-layout-flex wp-container-core-columns-is-layout-9d6595d7 wp-block-columns-is-layout-flex\">\n<div class=\"wp-block-column is-layout-flow wp-block-column-is-layout-flow\">\n<div style=\"height:40px\" aria-hidden=\"true\" class=\"wp-block-spacer\"><\/div>\n\n\n\n<h3 class=\"wp-block-heading\">Les LabMaps sont faciles \u00e0 cr\u00e9er<\/h3>\n\n\n\n<p>T\u00e9l\u00e9chargez un simple plan d&rsquo;\u00e9tage, ou prenez une photo de votre laboratoire et faites glisser les ic\u00f4nes dynamiques \u00e0 leur place.<\/p>\n<\/div>\n\n\n\n<div class=\"wp-block-column is-layout-flow wp-block-column-is-layout-flow\">\n<div class=\"wp-block-image is-style-default\"><figure class=\"aligncenter size-large\"><img decoding=\"async\" width=\"450\" height=\"300\" src=\"https:\/\/labstats.com\/wp-content\/uploads\/2021\/03\/Create-Computer-Lab-Map-LabStats.png\" alt=\"\" class=\"wp-image-8859\" srcset=\"https:\/\/labstats.com\/wp-content\/uploads\/2021\/03\/Create-Computer-Lab-Map-LabStats-200x133.png 200w, https:\/\/labstats.com\/wp-content\/uploads\/2021\/03\/Create-Computer-Lab-Map-LabStats-300x200.png 300w, https:\/\/labstats.com\/wp-content\/uploads\/2021\/03\/Create-Computer-Lab-Map-LabStats-400x267.png 400w, https:\/\/labstats.com\/wp-content\/uploads\/2021\/03\/Create-Computer-Lab-Map-LabStats.png 450w\" sizes=\"(max-width: 450px) 100vw, 450px\" \/><\/figure><\/div>\n<\/div>\n<\/div>\n\n\n\n<div style=\"height:40px\" aria-hidden=\"true\" class=\"wp-block-spacer\"><\/div>\n\n\n\n<p><\/p>\n<\/div><\/div>\n\n\n\n<div style=\"height:60px\" aria-hidden=\"true\" class=\"wp-block-spacer\"><\/div>\n\n\n\n<div class=\"wp-block-columns is-layout-flex wp-container-core-columns-is-layout-9d6595d7 wp-block-columns-is-layout-flex\">\n<div class=\"wp-block-column is-layout-flow wp-block-column-is-layout-flow\">\n<figure class=\"wp-block-image size-large is-style-default\"><img decoding=\"async\" src=\"https:\/\/labstats.com\/wp-content\/uploads\/2021\/03\/labmap_amenities_v1-02-1024x450.png\" alt=\"\" class=\"wp-image-6158\"\/><\/figure>\n<\/div>\n\n\n\n<div class=\"wp-block-column is-layout-flow wp-block-column-is-layout-flow\">\n<h3 class=\"wp-block-heading\">Afficher plus que des ordinateurs<\/h3>\n\n\n\n<p>Incluez des informations d\u00e9taill\u00e9es sur les ressources dans votre LabMap. Affichez les syst\u00e8mes d&rsquo;exploitation, les imprimantes, les scanners, les projecteurs, les salles d&rsquo;\u00e9tude, les espaces de groupe, les toilettes, les ressources d&rsquo;accessibilit\u00e9 et bien d&rsquo;autres choses encore.<\/p>\n<\/div>\n<\/div>\n\n\n\n<div style=\"height:16px\" aria-hidden=\"true\" class=\"wp-block-spacer\"><\/div>\n\n\n\n<div class=\"wp-block-toolset-blocks-container tb-container alignfull\" data-toolset-blocks-container=\"a9862d1e0e4bbd412cb16189bda297be\"><div class=\"tb-container-inner\">\n<div style=\"height:60px\" aria-hidden=\"true\" class=\"wp-block-spacer\"><\/div>\n\n\n\n<div class=\"wp-block-columns is-layout-flex wp-container-core-columns-is-layout-9d6595d7 wp-block-columns-is-layout-flex\">\n<div class=\"wp-block-column is-layout-flow wp-block-column-is-layout-flow\">\n<div style=\"height:40px\" aria-hidden=\"true\" class=\"wp-block-spacer\"><\/div>\n\n\n\n<h3 class=\"has-text-align-center wp-block-heading\">Vous voulez en savoir plus?<\/h3>\n\n\n\n<p class=\"has-text-align-center\"><a href=\"\/fr\/presentation\/\">Programmez une s\u00e9ance d&rsquo;information<\/a> pour d\u00e9couvrir comment vous pouvez utiliser LabMaps pour am\u00e9liorer l&rsquo;exp\u00e9rience de vos \u00e9l\u00e8ves.<\/p>\n<\/div>\n\n\n\n<div class=\"wp-block-column is-layout-flow wp-block-column-is-layout-flow\">\n<div class=\"wp-block-image is-style-default\"><figure class=\"aligncenter size-large is-resized\"><img decoding=\"async\" src=\"https:\/\/labstats.com\/wp-content\/uploads\/2021\/03\/LabMaps-Kiosk-Computer-Lab-Map.png\" alt=\"\" class=\"wp-image-11886\" width=\"157\" height=\"280\" srcset=\"https:\/\/labstats.com\/wp-content\/uploads\/2021\/03\/LabMaps-Kiosk-Computer-Lab-Map-169x300.png 169w, https:\/\/labstats.com\/wp-content\/uploads\/2021\/03\/LabMaps-Kiosk-Computer-Lab-Map-200x356.png 200w, https:\/\/labstats.com\/wp-content\/uploads\/2021\/03\/LabMaps-Kiosk-Computer-Lab-Map.png 234w\" sizes=\"(max-width: 157px) 100vw, 157px\" \/><\/figure><\/div>\n<\/div>\n<\/div>\n\n\n\n<div style=\"height:40px\" aria-hidden=\"true\" class=\"wp-block-spacer\"><\/div>\n<\/div><\/div>\n\n\n\n<div class=\"wp-block-toolset-blocks-container tb-container\" data-toolset-blocks-container=\"ed3832aa6201cbec5b1e5b902dc067e2\">\n<div style=\"height:55px\" aria-hidden=\"true\" class=\"wp-block-spacer\"><\/div>\n\n\n\n<h3 class=\"has-text-align-center wp-block-heading\">En savoir plus sur LabMaps<\/h3>\n\n\n\n<div style=\"height:50px\" aria-hidden=\"true\" class=\"wp-block-spacer\"><\/div>\n<\/div>\n\n\n\n<div class=\"wp-block-columns is-layout-flex wp-container-core-columns-is-layout-9d6595d7 wp-block-columns-is-layout-flex\">\n<div class=\"wp-block-column is-layout-flow wp-block-column-is-layout-flow\">\n<h3 class=\"wp-block-heading\">Parler avec un conseiller<\/h3>\n\n\n\n<p>Vous n&rsquo;\u00eates pas encore client et avez des questions sur la fa\u00e7on dont LabStats peut fonctionner pour vous et votre \u00e9tablissement?<\/p>\n<\/div>\n\n\n\n<div class=\"wp-block-column is-layout-flow wp-block-column-is-layout-flow\">\n<div style=\"height:40px\" aria-hidden=\"true\" class=\"wp-block-spacer\"><\/div>\n\n\n\n<p><i style=\"padding-right:15px;color:#00a0a8;\" class=\"far fa-calendar-alt\"><\/i> <a href=\"https:\/\/labstats.com\/fr\/presentation\/\">Programmez une s\u00e9ance d&rsquo;information<\/a><\/p>\n\n\n\n<p><i style=\"padding-right:15px;color:#00a0a8;\" class=\"fas fa-phone-alt\"><\/i> 1-208-473-2222<\/p>\n\n\n\n<p><i style=\"padding-right:15px;color:#00a0a8;\" class=\"far fa-envelope\"><\/i> ventes@labstats.com<\/p>\n<\/div>\n<\/div>\n","protected":false},"excerpt":{"rendered":"<p>Montrez aux \u00e9tudiants o\u00f9 se trouvent les ordinateurs et les [&hellip;]<\/p>\n","protected":false},"author":4,"featured_media":0,"parent":0,"menu_order":0,"comment_status":"closed","ping_status":"closed","template":"","meta":{"content-type":"","_monsterinsights_skip_tracking":false,"_monsterinsights_sitenote_active":false,"_monsterinsights_sitenote_note":"","_monsterinsights_sitenote_category":0,"footnotes":""},"class_list":["post-11881","page","type-page","status-publish","hentry"],"yoast_head":"<!-- This site is optimized with the Yoast SEO plugin v25.9 - https:\/\/yoast.com\/wordpress\/plugins\/seo\/ -->\n<title>LabMaps - LabStats<\/title>\n<meta name=\"robots\" content=\"index, follow, max-snippet:-1, max-image-preview:large, max-video-preview:-1\" \/>\n<link rel=\"canonical\" href=\"https:\/\/labstats.com\/fr\/labmaps\/\" \/>\n<meta property=\"og:locale\" content=\"fr_FR\" \/>\n<meta property=\"og:type\" content=\"article\" \/>\n<meta property=\"og:title\" content=\"LabMaps - LabStats\" \/>\n<meta property=\"og:description\" content=\"Montrez aux \u00e9tudiants o\u00f9 se trouvent les ordinateurs et les [&hellip;]\" \/>\n<meta property=\"og:url\" content=\"https:\/\/labstats.com\/fr\/labmaps\/\" \/>\n<meta property=\"og:site_name\" content=\"LabStats\" \/>\n<meta property=\"article:modified_time\" content=\"2021-03-20T17:32:36+00:00\" \/>\n<meta property=\"og:image\" content=\"https:\/\/labstats.com\/wp-content\/uploads\/2021\/03\/2021-03-18.png\" \/>\n<meta name=\"twitter:card\" content=\"summary_large_image\" \/>\n<meta name=\"twitter:label1\" content=\"Dur\u00e9e de lecture estim\u00e9e\" \/>\n\t<meta name=\"twitter:data1\" content=\"1 minute\" \/>\n<script type=\"application\/ld+json\" class=\"yoast-schema-graph\">{\"@context\":\"https:\/\/schema.org\",\"@graph\":[{\"@type\":\"WebPage\",\"@id\":\"https:\/\/labstats.com\/fr\/labmaps\/\",\"url\":\"https:\/\/labstats.com\/fr\/labmaps\/\",\"name\":\"LabMaps - LabStats\",\"isPartOf\":{\"@id\":\"https:\/\/labstats.com\/fr\/#website\"},\"primaryImageOfPage\":{\"@id\":\"https:\/\/labstats.com\/fr\/labmaps\/#primaryimage\"},\"image\":{\"@id\":\"https:\/\/labstats.com\/fr\/labmaps\/#primaryimage\"},\"thumbnailUrl\":\"https:\/\/labstats.com\/wp-content\/uploads\/2021\/03\/2021-03-18.png\",\"datePublished\":\"2021-03-18T18:47:21+00:00\",\"dateModified\":\"2021-03-20T17:32:36+00:00\",\"breadcrumb\":{\"@id\":\"https:\/\/labstats.com\/fr\/labmaps\/#breadcrumb\"},\"inLanguage\":\"fr-FR\",\"potentialAction\":[{\"@type\":\"ReadAction\",\"target\":[\"https:\/\/labstats.com\/fr\/labmaps\/\"]}]},{\"@type\":\"ImageObject\",\"inLanguage\":\"fr-FR\",\"@id\":\"https:\/\/labstats.com\/fr\/labmaps\/#primaryimage\",\"url\":\"https:\/\/labstats.com\/wp-content\/uploads\/2021\/03\/2021-03-18.png\",\"contentUrl\":\"https:\/\/labstats.com\/wp-content\/uploads\/2021\/03\/2021-03-18.png\"},{\"@type\":\"BreadcrumbList\",\"@id\":\"https:\/\/labstats.com\/fr\/labmaps\/#breadcrumb\",\"itemListElement\":[{\"@type\":\"ListItem\",\"position\":1,\"name\":\"Home\",\"item\":\"https:\/\/labstats.com\/\"},{\"@type\":\"ListItem\",\"position\":2,\"name\":\"LabMaps\"}]},{\"@type\":\"WebSite\",\"@id\":\"https:\/\/labstats.com\/fr\/#website\",\"url\":\"https:\/\/labstats.com\/fr\/\",\"name\":\"LabStats\",\"description\":\"Computer Lab Monitoring\",\"publisher\":{\"@id\":\"https:\/\/labstats.com\/fr\/#organization\"},\"potentialAction\":[{\"@type\":\"SearchAction\",\"target\":{\"@type\":\"EntryPoint\",\"urlTemplate\":\"https:\/\/labstats.com\/fr\/?s={search_term_string}\"},\"query-input\":{\"@type\":\"PropertyValueSpecification\",\"valueRequired\":true,\"valueName\":\"search_term_string\"}}],\"inLanguage\":\"fr-FR\"},{\"@type\":\"Organization\",\"@id\":\"https:\/\/labstats.com\/fr\/#organization\",\"name\":\"LabStats\",\"url\":\"https:\/\/labstats.com\/fr\/\",\"logo\":{\"@type\":\"ImageObject\",\"inLanguage\":\"fr-FR\",\"@id\":\"https:\/\/labstats.com\/fr\/#\/schema\/logo\/image\/\",\"url\":\"https:\/\/labstats.com\/wp-content\/uploads\/2021\/05\/LogoGoogleAdmin1.png\",\"contentUrl\":\"https:\/\/labstats.com\/wp-content\/uploads\/2021\/05\/LogoGoogleAdmin1.png\",\"width\":320,\"height\":110,\"caption\":\"LabStats\"},\"image\":{\"@id\":\"https:\/\/labstats.com\/fr\/#\/schema\/logo\/image\/\"}}]}<\/script>\n<!-- \/ Yoast SEO plugin. -->","yoast_head_json":{"title":"LabMaps - LabStats","robots":{"index":"index","follow":"follow","max-snippet":"max-snippet:-1","max-image-preview":"max-image-preview:large","max-video-preview":"max-video-preview:-1"},"canonical":"https:\/\/labstats.com\/fr\/labmaps\/","og_locale":"fr_FR","og_type":"article","og_title":"LabMaps - LabStats","og_description":"Montrez aux \u00e9tudiants o\u00f9 se trouvent les ordinateurs et les [&hellip;]","og_url":"https:\/\/labstats.com\/fr\/labmaps\/","og_site_name":"LabStats","article_modified_time":"2021-03-20T17:32:36+00:00","og_image":[{"url":"https:\/\/labstats.com\/wp-content\/uploads\/2021\/03\/2021-03-18.png","type":"","width":"","height":""}],"twitter_card":"summary_large_image","twitter_misc":{"Dur\u00e9e de lecture estim\u00e9e":"1 minute"},"schema":{"@context":"https:\/\/schema.org","@graph":[{"@type":"WebPage","@id":"https:\/\/labstats.com\/fr\/labmaps\/","url":"https:\/\/labstats.com\/fr\/labmaps\/","name":"LabMaps - LabStats","isPartOf":{"@id":"https:\/\/labstats.com\/fr\/#website"},"primaryImageOfPage":{"@id":"https:\/\/labstats.com\/fr\/labmaps\/#primaryimage"},"image":{"@id":"https:\/\/labstats.com\/fr\/labmaps\/#primaryimage"},"thumbnailUrl":"https:\/\/labstats.com\/wp-content\/uploads\/2021\/03\/2021-03-18.png","datePublished":"2021-03-18T18:47:21+00:00","dateModified":"2021-03-20T17:32:36+00:00","breadcrumb":{"@id":"https:\/\/labstats.com\/fr\/labmaps\/#breadcrumb"},"inLanguage":"fr-FR","potentialAction":[{"@type":"ReadAction","target":["https:\/\/labstats.com\/fr\/labmaps\/"]}]},{"@type":"ImageObject","inLanguage":"fr-FR","@id":"https:\/\/labstats.com\/fr\/labmaps\/#primaryimage","url":"https:\/\/labstats.com\/wp-content\/uploads\/2021\/03\/2021-03-18.png","contentUrl":"https:\/\/labstats.com\/wp-content\/uploads\/2021\/03\/2021-03-18.png"},{"@type":"BreadcrumbList","@id":"https:\/\/labstats.com\/fr\/labmaps\/#breadcrumb","itemListElement":[{"@type":"ListItem","position":1,"name":"Home","item":"https:\/\/labstats.com\/"},{"@type":"ListItem","position":2,"name":"LabMaps"}]},{"@type":"WebSite","@id":"https:\/\/labstats.com\/fr\/#website","url":"https:\/\/labstats.com\/fr\/","name":"LabStats","description":"Computer Lab Monitoring","publisher":{"@id":"https:\/\/labstats.com\/fr\/#organization"},"potentialAction":[{"@type":"SearchAction","target":{"@type":"EntryPoint","urlTemplate":"https:\/\/labstats.com\/fr\/?s={search_term_string}"},"query-input":{"@type":"PropertyValueSpecification","valueRequired":true,"valueName":"search_term_string"}}],"inLanguage":"fr-FR"},{"@type":"Organization","@id":"https:\/\/labstats.com\/fr\/#organization","name":"LabStats","url":"https:\/\/labstats.com\/fr\/","logo":{"@type":"ImageObject","inLanguage":"fr-FR","@id":"https:\/\/labstats.com\/fr\/#\/schema\/logo\/image\/","url":"https:\/\/labstats.com\/wp-content\/uploads\/2021\/05\/LogoGoogleAdmin1.png","contentUrl":"https:\/\/labstats.com\/wp-content\/uploads\/2021\/05\/LogoGoogleAdmin1.png","width":320,"height":110,"caption":"LabStats"},"image":{"@id":"https:\/\/labstats.com\/fr\/#\/schema\/logo\/image\/"}}]}},"_links":{"self":[{"href":"https:\/\/labstats.com\/fr\/wp-json\/wp\/v2\/pages\/11881","targetHints":{"allow":["GET"]}}],"collection":[{"href":"https:\/\/labstats.com\/fr\/wp-json\/wp\/v2\/pages"}],"about":[{"href":"https:\/\/labstats.com\/fr\/wp-json\/wp\/v2\/types\/page"}],"author":[{"embeddable":true,"href":"https:\/\/labstats.com\/fr\/wp-json\/wp\/v2\/users\/4"}],"replies":[{"embeddable":true,"href":"https:\/\/labstats.com\/fr\/wp-json\/wp\/v2\/comments?post=11881"}],"version-history":[{"count":0,"href":"https:\/\/labstats.com\/fr\/wp-json\/wp\/v2\/pages\/11881\/revisions"}],"wp:attachment":[{"href":"https:\/\/labstats.com\/fr\/wp-json\/wp\/v2\/media?parent=11881"}],"curies":[{"name":"wp","href":"https:\/\/api.w.org\/{rel}","templated":true}]}}