{"id":11963,"date":"2021-03-18T21:10:50","date_gmt":"2021-03-18T21:10:50","guid":{"rendered":"https:\/\/labstatsdevdev.wpenginepowered.com\/?page_id=11963"},"modified":"2021-03-24T08:09:22","modified_gmt":"2021-03-24T08:09:22","slug":"quest-ce-que-labstats","status":"publish","type":"page","link":"https:\/\/labstats.com\/fr\/quest-ce-que-labstats\/","title":{"rendered":"Qu\u2019est-ce que LabStats?"},"content":{"rendered":"\n<div class=\"tb-fields-and-text\" data-toolset-blocks-fields-and-text=\"360284519b991feb492b582c7d84725f\">\n<h5 style=\"text-align: center; text-transform: uppercase; margin-bottom: 0px;\">Produit<\/h5>\n<h1 style=\"text-align: center; margin-top: 10px; margin-bottom: 10px;\">Qu\u2019est-ce que LabStats?<\/h1>\n<\/div>\n\n\n\n<div style=\"height:70px\" aria-hidden=\"true\" class=\"wp-block-spacer\"><\/div>\n\n\n\n<div class=\"wp-block-toolset-blocks-container tb-container\" data-toolset-blocks-container=\"69e953ea9d93201e9c3eabaa99a25e35\"><div class=\"tb-container-inner\">\n<p class=\"has-text-align-center\">Aidez votre service informatique \u00e0 identifier exactement les priorit\u00e9s budg\u00e9taires. Cessez de payer pour des logiciels que personne n&rsquo;utilise et optimisez vos d\u00e9penses pour les logiciels dont les \u00e9tudiants et les professeurs ont r\u00e9ellement besoin.<\/p>\n<\/div><\/div>\n\n\n\n<div class=\"wp-block-toolset-blocks-container tb-container\" data-toolset-blocks-container=\"8b73740a0fb7bc35b008be3662d89410\"><div class=\"tb-container-inner\">\n<iframe width=\"560\" height=\"315\" src=\"https:\/\/www.youtube.com\/embed\/P7Nlk44osE0?rel=0\" frameborder=\"0\" allow=\"accelerometer; autoplay; clipboard-write; encrypted-media; gyroscope; picture-in-picture\" allowfullscreen=\"\"><\/iframe>\n\n\n\n<p><\/p>\n<\/div><\/div>\n\n\n\n<div style=\"height:40px\" aria-hidden=\"true\" class=\"wp-block-spacer\"><\/div>\n\n\n\n<div class=\"wp-block-toolset-blocks-container tb-container alignfull\" data-toolset-blocks-container=\"a9862d1e0e4bbd412cb16189bda297be\"><div class=\"tb-container-inner\">\n<div style=\"height:80px\" aria-hidden=\"true\" class=\"wp-block-spacer\"><\/div>\n\n\n\n<div class=\"wp-block-columns is-layout-flex wp-container-core-columns-is-layout-9d6595d7 wp-block-columns-is-layout-flex\">\n<div class=\"wp-block-column is-layout-flow wp-block-column-is-layout-flow\">\n<div style=\"height:61px\" aria-hidden=\"true\" class=\"wp-block-spacer\"><\/div>\n\n\n\n<h2 class=\"wp-block-heading\">Utilisez des donn\u00e9es, pas des anecdotes<\/h2>\n\n\n\n<p>Personne ne vous dit quand ils n&rsquo;utilisent pas les logiciels ou le mat\u00e9riel co\u00fbteux.<\/p>\n\n\n\n<p>LabStats le fait. Obtenez les donn\u00e9es dont vous avez besoin pour commencer \u00e0 \u00e9conomiser de l&rsquo;argent sans sacrifier l&rsquo;exp\u00e9rience de vos \u00e9tudiants.<\/p>\n\n\n\n<p>Partagez les rapports de LabStats avec tous les d\u00e9partements afin d&rsquo;accro\u00eetre la transparence et de d\u00e9mocratiser la prise de d\u00e9cision.<\/p>\n<\/div>\n\n\n\n<div class=\"wp-block-column is-layout-flow wp-block-column-is-layout-flow\">\n<figure class=\"wp-block-image size-large\"><img fetchpriority=\"high\" decoding=\"async\" width=\"460\" height=\"258\" src=\"https:\/\/labstats.com\/wp-content\/uploads\/2021\/02\/Average-Daily-Utilization.jpg\" alt=\"\" class=\"wp-image-11975\" srcset=\"https:\/\/labstats.com\/wp-content\/uploads\/2021\/02\/Average-Daily-Utilization-200x112.jpg 200w, https:\/\/labstats.com\/wp-content\/uploads\/2021\/02\/Average-Daily-Utilization-300x168.jpg 300w, https:\/\/labstats.com\/wp-content\/uploads\/2021\/02\/Average-Daily-Utilization-400x224.jpg 400w, https:\/\/labstats.com\/wp-content\/uploads\/2021\/02\/Average-Daily-Utilization.jpg 460w\" sizes=\"(max-width: 460px) 100vw, 460px\" \/><\/figure>\n\n\n\n<div style=\"height:20px\" aria-hidden=\"true\" class=\"wp-block-spacer\"><\/div>\n\n\n\n<figure class=\"wp-block-image size-large\"><img decoding=\"async\" width=\"460\" height=\"258\" src=\"https:\/\/labstats.com\/wp-content\/uploads\/2021\/02\/Application-Manager.jpg\" alt=\"\" class=\"wp-image-11976\" srcset=\"https:\/\/labstats.com\/wp-content\/uploads\/2021\/02\/Application-Manager-200x112.jpg 200w, https:\/\/labstats.com\/wp-content\/uploads\/2021\/02\/Application-Manager-300x168.jpg 300w, https:\/\/labstats.com\/wp-content\/uploads\/2021\/02\/Application-Manager-400x224.jpg 400w, https:\/\/labstats.com\/wp-content\/uploads\/2021\/02\/Application-Manager.jpg 460w\" sizes=\"(max-width: 460px) 100vw, 460px\" \/><\/figure>\n<\/div>\n<\/div>\n\n\n\n<div style=\"height:63px\" aria-hidden=\"true\" class=\"wp-block-spacer\"><\/div>\n<\/div><\/div>\n\n\n\n<div style=\"height:90px\" aria-hidden=\"true\" class=\"wp-block-spacer\"><\/div>\n\n\n\n<h2 class=\"has-text-align-center wp-block-heading\">Plus de 100 000 dollars d&rsquo;\u00e9conomies<\/h2>\n\n\n\n<p class=\"has-text-align-center\">D\u00e9couvrez comment l&rsquo;Universit\u00e9 Mount Royal a \u00e9conomis\u00e9 plus de 100 000 dollars gr\u00e2ce aux donn\u00e9es de LabStats.<\/p>\n\n\n\n<div class=\"wp-block-toolset-blocks-container tb-container\" data-toolset-blocks-container=\"8b73740a0fb7bc35b008be3662d89410\"><div class=\"tb-container-inner\">\n<iframe width=\"560\" height=\"315\" src=\"https:\/\/www.youtube.com\/embed\/MTIDnC5evIY?rel=0\" title=\"YouTube video player\" frameborder=\"0\" allow=\"accelerometer; autoplay; clipboard-write; encrypted-media; gyroscope; picture-in-picture\" allowfullscreen><\/iframe>\n\n\n\n<p><\/p>\n<\/div><\/div>\n\n\n\n<div style=\"height:50px\" aria-hidden=\"true\" class=\"wp-block-spacer\"><\/div>\n\n\n\n<div style=\"height:30px\" aria-hidden=\"true\" class=\"wp-block-spacer\"><\/div>\n\n\n\n<h3 class=\"has-text-align-center wp-block-heading\">En savoir plus sur LabStats<\/h3>\n\n\n\n<div class=\"wp-block-columns is-layout-flex wp-container-core-columns-is-layout-9d6595d7 wp-block-columns-is-layout-flex\">\n<div class=\"wp-block-column is-layout-flow wp-block-column-is-layout-flow\">\n<h3 class=\"wp-block-heading\">Parler avec un conseiller<\/h3>\n\n\n\n<p>Vous n&rsquo;\u00eates pas encore client et avez des questions sur la fa\u00e7on dont LabStats peut fonctionner pour vous et votre \u00e9tablissement?<\/p>\n<\/div>\n\n\n\n<div class=\"wp-block-column is-layout-flow wp-block-column-is-layout-flow\">\n<div style=\"height:40px\" aria-hidden=\"true\" class=\"wp-block-spacer\"><\/div>\n\n\n\n<p><i style=\"padding-right:15px;color:#00a0a8;\" class=\"far fa-calendar-alt\"><\/i> <a href=\"https:\/\/labstats.com\/fr\/presentation\/\">Programmez une s\u00e9ance d&rsquo;information<\/a><\/p>\n\n\n\n<p><i style=\"padding-right:15px;color:#00a0a8;\" class=\"fas fa-phone-alt\"><\/i> 1-208-473-2222<\/p>\n\n\n\n<p><i style=\"padding-right:15px;color:#00a0a8;\" class=\"far fa-envelope\"><\/i> ventes@labstats.com<\/p>\n<\/div>\n<\/div>\n\n\n\n<div style=\"height:40px\" aria-hidden=\"true\" class=\"wp-block-spacer\"><\/div>\n","protected":false},"excerpt":{"rendered":"<p>Plus de 100 000 dollars d&rsquo;\u00e9conomies D\u00e9couvrez comment l&rsquo;Universit\u00e9 Mount [&hellip;]<\/p>\n","protected":false},"author":4,"featured_media":0,"parent":0,"menu_order":0,"comment_status":"closed","ping_status":"closed","template":"","meta":{"content-type":"","_monsterinsights_skip_tracking":false,"_monsterinsights_sitenote_active":false,"_monsterinsights_sitenote_note":"","_monsterinsights_sitenote_category":0,"footnotes":""},"class_list":["post-11963","page","type-page","status-publish","hentry"],"yoast_head":"<!-- This site is optimized with the Yoast SEO plugin v25.9 - https:\/\/yoast.com\/wordpress\/plugins\/seo\/ -->\n<title>Qu\u2019est-ce que LabStats? - LabStats<\/title>\n<meta name=\"robots\" content=\"index, follow, max-snippet:-1, max-image-preview:large, max-video-preview:-1\" \/>\n<link rel=\"canonical\" href=\"https:\/\/labstats.com\/fr\/quest-ce-que-labstats\/\" \/>\n<meta property=\"og:locale\" content=\"fr_FR\" \/>\n<meta property=\"og:type\" content=\"article\" \/>\n<meta property=\"og:title\" content=\"Qu\u2019est-ce que LabStats? - LabStats\" \/>\n<meta property=\"og:description\" content=\"Plus de 100 000 dollars d&rsquo;\u00e9conomies D\u00e9couvrez comment l&rsquo;Universit\u00e9 Mount [&hellip;]\" \/>\n<meta property=\"og:url\" content=\"https:\/\/labstats.com\/fr\/quest-ce-que-labstats\/\" \/>\n<meta property=\"og:site_name\" content=\"LabStats\" \/>\n<meta property=\"article:modified_time\" content=\"2021-03-24T08:09:22+00:00\" \/>\n<meta property=\"og:image\" content=\"https:\/\/labstats.com\/wp-content\/uploads\/2021\/02\/Average-Daily-Utilization.jpg\" \/>\n<meta name=\"twitter:card\" content=\"summary_large_image\" \/>\n<meta name=\"twitter:label1\" content=\"Dur\u00e9e de lecture estim\u00e9e\" \/>\n\t<meta name=\"twitter:data1\" content=\"1 minute\" \/>\n<script type=\"application\/ld+json\" class=\"yoast-schema-graph\">{\"@context\":\"https:\/\/schema.org\",\"@graph\":[{\"@type\":\"WebPage\",\"@id\":\"https:\/\/labstats.com\/fr\/quest-ce-que-labstats\/\",\"url\":\"https:\/\/labstats.com\/fr\/quest-ce-que-labstats\/\",\"name\":\"Qu\u2019est-ce que LabStats? - LabStats\",\"isPartOf\":{\"@id\":\"https:\/\/labstats.com\/fr\/#website\"},\"primaryImageOfPage\":{\"@id\":\"https:\/\/labstats.com\/fr\/quest-ce-que-labstats\/#primaryimage\"},\"image\":{\"@id\":\"https:\/\/labstats.com\/fr\/quest-ce-que-labstats\/#primaryimage\"},\"thumbnailUrl\":\"https:\/\/labstats.com\/wp-content\/uploads\/2021\/02\/Average-Daily-Utilization.jpg\",\"datePublished\":\"2021-03-18T21:10:50+00:00\",\"dateModified\":\"2021-03-24T08:09:22+00:00\",\"breadcrumb\":{\"@id\":\"https:\/\/labstats.com\/fr\/quest-ce-que-labstats\/#breadcrumb\"},\"inLanguage\":\"fr-FR\",\"potentialAction\":[{\"@type\":\"ReadAction\",\"target\":[\"https:\/\/labstats.com\/fr\/quest-ce-que-labstats\/\"]}]},{\"@type\":\"ImageObject\",\"inLanguage\":\"fr-FR\",\"@id\":\"https:\/\/labstats.com\/fr\/quest-ce-que-labstats\/#primaryimage\",\"url\":\"https:\/\/labstats.com\/wp-content\/uploads\/2021\/02\/Average-Daily-Utilization.jpg\",\"contentUrl\":\"https:\/\/labstats.com\/wp-content\/uploads\/2021\/02\/Average-Daily-Utilization.jpg\"},{\"@type\":\"BreadcrumbList\",\"@id\":\"https:\/\/labstats.com\/fr\/quest-ce-que-labstats\/#breadcrumb\",\"itemListElement\":[{\"@type\":\"ListItem\",\"position\":1,\"name\":\"Home\",\"item\":\"https:\/\/labstats.com\/\"},{\"@type\":\"ListItem\",\"position\":2,\"name\":\"Qu\u2019est-ce que LabStats?\"}]},{\"@type\":\"WebSite\",\"@id\":\"https:\/\/labstats.com\/fr\/#website\",\"url\":\"https:\/\/labstats.com\/fr\/\",\"name\":\"LabStats\",\"description\":\"Computer Lab Monitoring\",\"publisher\":{\"@id\":\"https:\/\/labstats.com\/fr\/#organization\"},\"potentialAction\":[{\"@type\":\"SearchAction\",\"target\":{\"@type\":\"EntryPoint\",\"urlTemplate\":\"https:\/\/labstats.com\/fr\/?s={search_term_string}\"},\"query-input\":{\"@type\":\"PropertyValueSpecification\",\"valueRequired\":true,\"valueName\":\"search_term_string\"}}],\"inLanguage\":\"fr-FR\"},{\"@type\":\"Organization\",\"@id\":\"https:\/\/labstats.com\/fr\/#organization\",\"name\":\"LabStats\",\"url\":\"https:\/\/labstats.com\/fr\/\",\"logo\":{\"@type\":\"ImageObject\",\"inLanguage\":\"fr-FR\",\"@id\":\"https:\/\/labstats.com\/fr\/#\/schema\/logo\/image\/\",\"url\":\"https:\/\/labstats.com\/wp-content\/uploads\/2021\/05\/LogoGoogleAdmin1.png\",\"contentUrl\":\"https:\/\/labstats.com\/wp-content\/uploads\/2021\/05\/LogoGoogleAdmin1.png\",\"width\":320,\"height\":110,\"caption\":\"LabStats\"},\"image\":{\"@id\":\"https:\/\/labstats.com\/fr\/#\/schema\/logo\/image\/\"}}]}<\/script>\n<!-- \/ Yoast SEO plugin. -->","yoast_head_json":{"title":"Qu\u2019est-ce que LabStats? - LabStats","robots":{"index":"index","follow":"follow","max-snippet":"max-snippet:-1","max-image-preview":"max-image-preview:large","max-video-preview":"max-video-preview:-1"},"canonical":"https:\/\/labstats.com\/fr\/quest-ce-que-labstats\/","og_locale":"fr_FR","og_type":"article","og_title":"Qu\u2019est-ce que LabStats? - LabStats","og_description":"Plus de 100 000 dollars d&rsquo;\u00e9conomies D\u00e9couvrez comment l&rsquo;Universit\u00e9 Mount [&hellip;]","og_url":"https:\/\/labstats.com\/fr\/quest-ce-que-labstats\/","og_site_name":"LabStats","article_modified_time":"2021-03-24T08:09:22+00:00","og_image":[{"url":"https:\/\/labstats.com\/wp-content\/uploads\/2021\/02\/Average-Daily-Utilization.jpg","type":"","width":"","height":""}],"twitter_card":"summary_large_image","twitter_misc":{"Dur\u00e9e de lecture estim\u00e9e":"1 minute"},"schema":{"@context":"https:\/\/schema.org","@graph":[{"@type":"WebPage","@id":"https:\/\/labstats.com\/fr\/quest-ce-que-labstats\/","url":"https:\/\/labstats.com\/fr\/quest-ce-que-labstats\/","name":"Qu\u2019est-ce que LabStats? - LabStats","isPartOf":{"@id":"https:\/\/labstats.com\/fr\/#website"},"primaryImageOfPage":{"@id":"https:\/\/labstats.com\/fr\/quest-ce-que-labstats\/#primaryimage"},"image":{"@id":"https:\/\/labstats.com\/fr\/quest-ce-que-labstats\/#primaryimage"},"thumbnailUrl":"https:\/\/labstats.com\/wp-content\/uploads\/2021\/02\/Average-Daily-Utilization.jpg","datePublished":"2021-03-18T21:10:50+00:00","dateModified":"2021-03-24T08:09:22+00:00","breadcrumb":{"@id":"https:\/\/labstats.com\/fr\/quest-ce-que-labstats\/#breadcrumb"},"inLanguage":"fr-FR","potentialAction":[{"@type":"ReadAction","target":["https:\/\/labstats.com\/fr\/quest-ce-que-labstats\/"]}]},{"@type":"ImageObject","inLanguage":"fr-FR","@id":"https:\/\/labstats.com\/fr\/quest-ce-que-labstats\/#primaryimage","url":"https:\/\/labstats.com\/wp-content\/uploads\/2021\/02\/Average-Daily-Utilization.jpg","contentUrl":"https:\/\/labstats.com\/wp-content\/uploads\/2021\/02\/Average-Daily-Utilization.jpg"},{"@type":"BreadcrumbList","@id":"https:\/\/labstats.com\/fr\/quest-ce-que-labstats\/#breadcrumb","itemListElement":[{"@type":"ListItem","position":1,"name":"Home","item":"https:\/\/labstats.com\/"},{"@type":"ListItem","position":2,"name":"Qu\u2019est-ce que LabStats?"}]},{"@type":"WebSite","@id":"https:\/\/labstats.com\/fr\/#website","url":"https:\/\/labstats.com\/fr\/","name":"LabStats","description":"Computer Lab Monitoring","publisher":{"@id":"https:\/\/labstats.com\/fr\/#organization"},"potentialAction":[{"@type":"SearchAction","target":{"@type":"EntryPoint","urlTemplate":"https:\/\/labstats.com\/fr\/?s={search_term_string}"},"query-input":{"@type":"PropertyValueSpecification","valueRequired":true,"valueName":"search_term_string"}}],"inLanguage":"fr-FR"},{"@type":"Organization","@id":"https:\/\/labstats.com\/fr\/#organization","name":"LabStats","url":"https:\/\/labstats.com\/fr\/","logo":{"@type":"ImageObject","inLanguage":"fr-FR","@id":"https:\/\/labstats.com\/fr\/#\/schema\/logo\/image\/","url":"https:\/\/labstats.com\/wp-content\/uploads\/2021\/05\/LogoGoogleAdmin1.png","contentUrl":"https:\/\/labstats.com\/wp-content\/uploads\/2021\/05\/LogoGoogleAdmin1.png","width":320,"height":110,"caption":"LabStats"},"image":{"@id":"https:\/\/labstats.com\/fr\/#\/schema\/logo\/image\/"}}]}},"_links":{"self":[{"href":"https:\/\/labstats.com\/fr\/wp-json\/wp\/v2\/pages\/11963","targetHints":{"allow":["GET"]}}],"collection":[{"href":"https:\/\/labstats.com\/fr\/wp-json\/wp\/v2\/pages"}],"about":[{"href":"https:\/\/labstats.com\/fr\/wp-json\/wp\/v2\/types\/page"}],"author":[{"embeddable":true,"href":"https:\/\/labstats.com\/fr\/wp-json\/wp\/v2\/users\/4"}],"replies":[{"embeddable":true,"href":"https:\/\/labstats.com\/fr\/wp-json\/wp\/v2\/comments?post=11963"}],"version-history":[{"count":0,"href":"https:\/\/labstats.com\/fr\/wp-json\/wp\/v2\/pages\/11963\/revisions"}],"wp:attachment":[{"href":"https:\/\/labstats.com\/fr\/wp-json\/wp\/v2\/media?parent=11963"}],"curies":[{"name":"wp","href":"https:\/\/api.w.org\/{rel}","templated":true}]}}