{"id":12385,"date":"2021-03-20T18:23:22","date_gmt":"2021-03-20T18:23:22","guid":{"rendered":"https:\/\/labstatsdevdev.wpenginepowered.com\/?page_id=12385"},"modified":"2021-03-23T04:20:58","modified_gmt":"2021-03-23T04:20:58","slug":"api","status":"publish","type":"page","link":"https:\/\/labstats.com\/fr\/api\/","title":{"rendered":"API de LabStats"},"content":{"rendered":"\n<div class=\"tb-fields-and-text\" data-toolset-blocks-fields-and-text=\"360284519b991feb492b582c7d84725f\">\n<h5 style=\"text-align: center; text-transform: uppercase; margin-bottom: 0px;\">produit<\/h5>\n<h1 style=\"text-align: center; margin-top: 10px; margin-bottom: 10px;\">API de LabStats<\/h1>\n<\/div>\n\n\n\n<div style=\"height:80px\" aria-hidden=\"true\" class=\"wp-block-spacer\"><\/div>\n\n\n\n<div class=\"wp-block-columns is-layout-flex wp-container-core-columns-is-layout-9d6595d7 wp-block-columns-is-layout-flex\">\n<div class=\"wp-block-column is-layout-flow wp-block-column-is-layout-flow\">\n<h3 class=\"wp-block-heading\">D\u00e9couvrez l&rsquo;API la plus puissante de l&rsquo;enseignement sup\u00e9rieur<\/h3>\n\n\n\n<p>Transmettez les donn\u00e9es LabStats directement aux outils de BI que votre campus utilise d\u00e9j\u00e0. Combinez les donn\u00e9es LabStats avec la gestion des \u00e9tudiants, la comptabilit\u00e9, la gestion des stocks, les syst\u00e8mes d&rsquo;apprentissage en classe, les applications mobiles destin\u00e9es aux \u00e9tudiants, etc.<\/p>\n<\/div>\n\n\n\n<div class=\"wp-block-column is-layout-flow wp-block-column-is-layout-flow\">\n<div class=\"wp-block-image\"><figure class=\"aligncenter size-large\"><img fetchpriority=\"high\" decoding=\"async\" width=\"450\" height=\"300\" src=\"https:\/\/labstats.com\/wp-content\/uploads\/2021\/03\/LabStats-API-Integration.png\" alt=\"\" class=\"wp-image-8406\" srcset=\"https:\/\/labstats.com\/wp-content\/uploads\/2021\/03\/LabStats-API-Integration-200x133.png 200w, https:\/\/labstats.com\/wp-content\/uploads\/2021\/03\/LabStats-API-Integration-300x200.png 300w, https:\/\/labstats.com\/wp-content\/uploads\/2021\/03\/LabStats-API-Integration-400x267.png 400w, https:\/\/labstats.com\/wp-content\/uploads\/2021\/03\/LabStats-API-Integration.png 450w\" sizes=\"(max-width: 450px) 100vw, 450px\" \/><\/figure><\/div>\n<\/div>\n<\/div>\n\n\n\n<div style=\"height:50px\" aria-hidden=\"true\" class=\"wp-block-spacer\"><\/div>\n\n\n\n<div class=\"wp-block-toolset-blocks-container tb-container alignfull\" data-toolset-blocks-container=\"a9862d1e0e4bbd412cb16189bda297be\"><div class=\"tb-container-inner\">\n<div style=\"height:60px\" aria-hidden=\"true\" class=\"wp-block-spacer\"><\/div>\n\n\n\n<div class=\"wp-block-columns is-layout-flex wp-container-core-columns-is-layout-9d6595d7 wp-block-columns-is-layout-flex\">\n<div class=\"wp-block-column is-layout-flow wp-block-column-is-layout-flow\">\n<div style=\"height:10px\" aria-hidden=\"true\" class=\"wp-block-spacer\"><\/div>\n\n\n\n<figure class=\"wp-block-image size-large\"><img decoding=\"async\" width=\"450\" height=\"300\" src=\"https:\/\/labstats.com\/wp-content\/uploads\/2021\/03\/Custom-App-LabStats-API-Manhattan-College.png\" alt=\"\" class=\"wp-image-8410\" srcset=\"https:\/\/labstats.com\/wp-content\/uploads\/2021\/03\/Custom-App-LabStats-API-Manhattan-College-200x133.png 200w, https:\/\/labstats.com\/wp-content\/uploads\/2021\/03\/Custom-App-LabStats-API-Manhattan-College-300x200.png 300w, https:\/\/labstats.com\/wp-content\/uploads\/2021\/03\/Custom-App-LabStats-API-Manhattan-College-400x267.png 400w, https:\/\/labstats.com\/wp-content\/uploads\/2021\/03\/Custom-App-LabStats-API-Manhattan-College.png 450w\" sizes=\"(max-width: 450px) 100vw, 450px\" \/><\/figure>\n<\/div>\n\n\n\n<div class=\"wp-block-column is-layout-flow wp-block-column-is-layout-flow\">\n<h3 class=\"wp-block-heading\">Qu&rsquo;allez-vous d\u00e9velopper?<\/h3>\n\n\n\n<p>Les \u00e9quipes informatiques enrichissent leurs outils<\/p>\n\n\n\n<p>avec toute l&rsquo;intelligence de l&rsquo;API de LabStats. Cr\u00e9ez des tableaux de bord\u00a0 qui fournissent des informations \u00e0 partir des donn\u00e9es de vos syst\u00e8mes et l&rsquo;API LabStats.<\/p>\n\n\n\n<p><a href=\"\/fr\/blogs\/comment-manhattan-college-utilise-lapi-de-labstats\/\">D\u00e9couvrez ce que Manhattan College a r\u00e9alis\u00e9.<\/a><\/p>\n<\/div>\n<\/div>\n\n\n\n<div style=\"height:60px\" aria-hidden=\"true\" class=\"wp-block-spacer\"><\/div>\n<\/div><\/div>\n\n\n\n<div class=\"wp-block-toolset-blocks-container tb-container\" data-toolset-blocks-container=\"ed3832aa6201cbec5b1e5b902dc067e2\">\n<div style=\"height:55px\" aria-hidden=\"true\" class=\"wp-block-spacer\"><\/div>\n\n\n\n<h3 class=\"has-text-align-center wp-block-heading\">En savoir plus sur l&rsquo;API<\/h3>\n\n\n\n<div style=\"height:50px\" aria-hidden=\"true\" class=\"wp-block-spacer\"><\/div>\n<\/div>\n\n\n\n<div class=\"wp-block-columns is-layout-flex wp-container-core-columns-is-layout-9d6595d7 wp-block-columns-is-layout-flex\">\n<div class=\"wp-block-column is-layout-flow wp-block-column-is-layout-flow\">\n<h3 class=\"wp-block-heading\">Parler avec un conseiller<\/h3>\n\n\n\n<p>Vous n&rsquo;\u00eates pas encore client et avez des questions sur la fa\u00e7on dont LabStats peut fonctionner pour vous et votre \u00e9tablissement?<\/p>\n<\/div>\n\n\n\n<div class=\"wp-block-column is-layout-flow wp-block-column-is-layout-flow\">\n<div style=\"height:40px\" aria-hidden=\"true\" class=\"wp-block-spacer\"><\/div>\n\n\n\n<p><i style=\"padding-right:15px;color:#00a0a8;\" class=\"far fa-calendar-alt\"><\/i> <a href=\"https:\/\/labstats.com\/fr\/presentation\/\">Programmez une s\u00e9ance d&rsquo;information<\/a><\/p>\n\n\n\n<p><i style=\"padding-right:15px;color:#00a0a8;\" class=\"fas fa-phone-alt\"><\/i> 1-208-473-2222<\/p>\n\n\n\n<p><i style=\"padding-right:15px;color:#00a0a8;\" class=\"far fa-envelope\"><\/i> ventes@labstats.com<\/p>\n<\/div>\n<\/div>\n","protected":false},"excerpt":{"rendered":"<p>D\u00e9couvrez l&rsquo;API la plus puissante de l&rsquo;enseignement sup\u00e9rieur Transmettez les [&hellip;]<\/p>\n","protected":false},"author":4,"featured_media":0,"parent":0,"menu_order":0,"comment_status":"closed","ping_status":"closed","template":"","meta":{"content-type":"","_monsterinsights_skip_tracking":false,"_monsterinsights_sitenote_active":false,"_monsterinsights_sitenote_note":"","_monsterinsights_sitenote_category":0,"footnotes":""},"class_list":["post-12385","page","type-page","status-publish","hentry"],"yoast_head":"<!-- This site is optimized with the Yoast SEO plugin v25.9 - https:\/\/yoast.com\/wordpress\/plugins\/seo\/ -->\n<title>API de LabStats - LabStats<\/title>\n<meta name=\"robots\" content=\"index, follow, max-snippet:-1, max-image-preview:large, max-video-preview:-1\" \/>\n<link rel=\"canonical\" href=\"https:\/\/labstats.com\/fr\/api\/\" \/>\n<meta property=\"og:locale\" content=\"fr_FR\" \/>\n<meta property=\"og:type\" content=\"article\" \/>\n<meta property=\"og:title\" content=\"API de LabStats - LabStats\" \/>\n<meta property=\"og:description\" content=\"D\u00e9couvrez l&rsquo;API la plus puissante de l&rsquo;enseignement sup\u00e9rieur Transmettez les [&hellip;]\" \/>\n<meta property=\"og:url\" content=\"https:\/\/labstats.com\/fr\/api\/\" \/>\n<meta property=\"og:site_name\" content=\"LabStats\" \/>\n<meta property=\"article:modified_time\" content=\"2021-03-23T04:20:58+00:00\" \/>\n<meta property=\"og:image\" content=\"https:\/\/labstats.com\/wp-content\/uploads\/2021\/03\/LabStats-API-Integration.png\" \/>\n<meta name=\"twitter:card\" content=\"summary_large_image\" \/>\n<meta name=\"twitter:label1\" content=\"Dur\u00e9e de lecture estim\u00e9e\" \/>\n\t<meta name=\"twitter:data1\" content=\"1 minute\" \/>\n<script type=\"application\/ld+json\" class=\"yoast-schema-graph\">{\"@context\":\"https:\/\/schema.org\",\"@graph\":[{\"@type\":\"WebPage\",\"@id\":\"https:\/\/labstats.com\/fr\/api\/\",\"url\":\"https:\/\/labstats.com\/fr\/api\/\",\"name\":\"API de LabStats - LabStats\",\"isPartOf\":{\"@id\":\"https:\/\/labstats.com\/fr\/#website\"},\"primaryImageOfPage\":{\"@id\":\"https:\/\/labstats.com\/fr\/api\/#primaryimage\"},\"image\":{\"@id\":\"https:\/\/labstats.com\/fr\/api\/#primaryimage\"},\"thumbnailUrl\":\"https:\/\/labstats.com\/wp-content\/uploads\/2021\/03\/LabStats-API-Integration.png\",\"datePublished\":\"2021-03-20T18:23:22+00:00\",\"dateModified\":\"2021-03-23T04:20:58+00:00\",\"breadcrumb\":{\"@id\":\"https:\/\/labstats.com\/fr\/api\/#breadcrumb\"},\"inLanguage\":\"fr-FR\",\"potentialAction\":[{\"@type\":\"ReadAction\",\"target\":[\"https:\/\/labstats.com\/fr\/api\/\"]}]},{\"@type\":\"ImageObject\",\"inLanguage\":\"fr-FR\",\"@id\":\"https:\/\/labstats.com\/fr\/api\/#primaryimage\",\"url\":\"https:\/\/labstats.com\/wp-content\/uploads\/2021\/03\/LabStats-API-Integration.png\",\"contentUrl\":\"https:\/\/labstats.com\/wp-content\/uploads\/2021\/03\/LabStats-API-Integration.png\"},{\"@type\":\"BreadcrumbList\",\"@id\":\"https:\/\/labstats.com\/fr\/api\/#breadcrumb\",\"itemListElement\":[{\"@type\":\"ListItem\",\"position\":1,\"name\":\"Home\",\"item\":\"https:\/\/labstats.com\/\"},{\"@type\":\"ListItem\",\"position\":2,\"name\":\"API de LabStats\"}]},{\"@type\":\"WebSite\",\"@id\":\"https:\/\/labstats.com\/fr\/#website\",\"url\":\"https:\/\/labstats.com\/fr\/\",\"name\":\"LabStats\",\"description\":\"Computer Lab Monitoring\",\"publisher\":{\"@id\":\"https:\/\/labstats.com\/fr\/#organization\"},\"potentialAction\":[{\"@type\":\"SearchAction\",\"target\":{\"@type\":\"EntryPoint\",\"urlTemplate\":\"https:\/\/labstats.com\/fr\/?s={search_term_string}\"},\"query-input\":{\"@type\":\"PropertyValueSpecification\",\"valueRequired\":true,\"valueName\":\"search_term_string\"}}],\"inLanguage\":\"fr-FR\"},{\"@type\":\"Organization\",\"@id\":\"https:\/\/labstats.com\/fr\/#organization\",\"name\":\"LabStats\",\"url\":\"https:\/\/labstats.com\/fr\/\",\"logo\":{\"@type\":\"ImageObject\",\"inLanguage\":\"fr-FR\",\"@id\":\"https:\/\/labstats.com\/fr\/#\/schema\/logo\/image\/\",\"url\":\"https:\/\/labstats.com\/wp-content\/uploads\/2021\/05\/LogoGoogleAdmin1.png\",\"contentUrl\":\"https:\/\/labstats.com\/wp-content\/uploads\/2021\/05\/LogoGoogleAdmin1.png\",\"width\":320,\"height\":110,\"caption\":\"LabStats\"},\"image\":{\"@id\":\"https:\/\/labstats.com\/fr\/#\/schema\/logo\/image\/\"}}]}<\/script>\n<!-- \/ Yoast SEO plugin. -->","yoast_head_json":{"title":"API de LabStats - LabStats","robots":{"index":"index","follow":"follow","max-snippet":"max-snippet:-1","max-image-preview":"max-image-preview:large","max-video-preview":"max-video-preview:-1"},"canonical":"https:\/\/labstats.com\/fr\/api\/","og_locale":"fr_FR","og_type":"article","og_title":"API de LabStats - LabStats","og_description":"D\u00e9couvrez l&rsquo;API la plus puissante de l&rsquo;enseignement sup\u00e9rieur Transmettez les [&hellip;]","og_url":"https:\/\/labstats.com\/fr\/api\/","og_site_name":"LabStats","article_modified_time":"2021-03-23T04:20:58+00:00","og_image":[{"url":"https:\/\/labstats.com\/wp-content\/uploads\/2021\/03\/LabStats-API-Integration.png","type":"","width":"","height":""}],"twitter_card":"summary_large_image","twitter_misc":{"Dur\u00e9e de lecture estim\u00e9e":"1 minute"},"schema":{"@context":"https:\/\/schema.org","@graph":[{"@type":"WebPage","@id":"https:\/\/labstats.com\/fr\/api\/","url":"https:\/\/labstats.com\/fr\/api\/","name":"API de LabStats - LabStats","isPartOf":{"@id":"https:\/\/labstats.com\/fr\/#website"},"primaryImageOfPage":{"@id":"https:\/\/labstats.com\/fr\/api\/#primaryimage"},"image":{"@id":"https:\/\/labstats.com\/fr\/api\/#primaryimage"},"thumbnailUrl":"https:\/\/labstats.com\/wp-content\/uploads\/2021\/03\/LabStats-API-Integration.png","datePublished":"2021-03-20T18:23:22+00:00","dateModified":"2021-03-23T04:20:58+00:00","breadcrumb":{"@id":"https:\/\/labstats.com\/fr\/api\/#breadcrumb"},"inLanguage":"fr-FR","potentialAction":[{"@type":"ReadAction","target":["https:\/\/labstats.com\/fr\/api\/"]}]},{"@type":"ImageObject","inLanguage":"fr-FR","@id":"https:\/\/labstats.com\/fr\/api\/#primaryimage","url":"https:\/\/labstats.com\/wp-content\/uploads\/2021\/03\/LabStats-API-Integration.png","contentUrl":"https:\/\/labstats.com\/wp-content\/uploads\/2021\/03\/LabStats-API-Integration.png"},{"@type":"BreadcrumbList","@id":"https:\/\/labstats.com\/fr\/api\/#breadcrumb","itemListElement":[{"@type":"ListItem","position":1,"name":"Home","item":"https:\/\/labstats.com\/"},{"@type":"ListItem","position":2,"name":"API de LabStats"}]},{"@type":"WebSite","@id":"https:\/\/labstats.com\/fr\/#website","url":"https:\/\/labstats.com\/fr\/","name":"LabStats","description":"Computer Lab Monitoring","publisher":{"@id":"https:\/\/labstats.com\/fr\/#organization"},"potentialAction":[{"@type":"SearchAction","target":{"@type":"EntryPoint","urlTemplate":"https:\/\/labstats.com\/fr\/?s={search_term_string}"},"query-input":{"@type":"PropertyValueSpecification","valueRequired":true,"valueName":"search_term_string"}}],"inLanguage":"fr-FR"},{"@type":"Organization","@id":"https:\/\/labstats.com\/fr\/#organization","name":"LabStats","url":"https:\/\/labstats.com\/fr\/","logo":{"@type":"ImageObject","inLanguage":"fr-FR","@id":"https:\/\/labstats.com\/fr\/#\/schema\/logo\/image\/","url":"https:\/\/labstats.com\/wp-content\/uploads\/2021\/05\/LogoGoogleAdmin1.png","contentUrl":"https:\/\/labstats.com\/wp-content\/uploads\/2021\/05\/LogoGoogleAdmin1.png","width":320,"height":110,"caption":"LabStats"},"image":{"@id":"https:\/\/labstats.com\/fr\/#\/schema\/logo\/image\/"}}]}},"_links":{"self":[{"href":"https:\/\/labstats.com\/fr\/wp-json\/wp\/v2\/pages\/12385","targetHints":{"allow":["GET"]}}],"collection":[{"href":"https:\/\/labstats.com\/fr\/wp-json\/wp\/v2\/pages"}],"about":[{"href":"https:\/\/labstats.com\/fr\/wp-json\/wp\/v2\/types\/page"}],"author":[{"embeddable":true,"href":"https:\/\/labstats.com\/fr\/wp-json\/wp\/v2\/users\/4"}],"replies":[{"embeddable":true,"href":"https:\/\/labstats.com\/fr\/wp-json\/wp\/v2\/comments?post=12385"}],"version-history":[{"count":0,"href":"https:\/\/labstats.com\/fr\/wp-json\/wp\/v2\/pages\/12385\/revisions"}],"wp:attachment":[{"href":"https:\/\/labstats.com\/fr\/wp-json\/wp\/v2\/media?parent=12385"}],"curies":[{"name":"wp","href":"https:\/\/api.w.org\/{rel}","templated":true}]}}