{"id":12395,"date":"2021-03-20T18:46:48","date_gmt":"2021-03-20T18:46:48","guid":{"rendered":"https:\/\/labstatsdevdev.wpenginepowered.com\/?page_id=12395"},"modified":"2021-03-22T19:55:19","modified_gmt":"2021-03-22T19:55:19","slug":"qui-sommes-nous","status":"publish","type":"page","link":"https:\/\/labstats.com\/fr\/qui-sommes-nous\/","title":{"rendered":"Qui sommes-nous?"},"content":{"rendered":"\n<div class=\"tb-fields-and-text\" data-toolset-blocks-fields-and-text=\"360284519b991feb492b582c7d84725f\">\n<h5 style=\"text-align: center; text-transform: uppercase; margin-bottom: 0px;\">Compagnie<\/h5>\n<h1 style=\"text-align: center; margin-top: 10px; margin-bottom: 10px;\">Qui sommes-nous?<\/h1>\n<\/div>\n\n\n\n<div style=\"height:65px\" aria-hidden=\"true\" class=\"wp-block-spacer\"><\/div>\n\n\n\n<h3 class=\"wp-block-heading\">Nous am\u00e9liorons l\u2019informatique des campus depuis le premier jour.<\/h3>\n\n\n\n<p>La premi\u00e8re version de LabStats a \u00e9t\u00e9 cr\u00e9\u00e9e en 2004 par un ancien responsable informatique universitaire. Il cherchait \u00e0 rem\u00e9dier aux frustrations du comptage manuel des t\u00eates et aux anecdotes pour prendre des d\u00e9cisions. Il a cr\u00e9\u00e9 un outil qui permet de suivre et d&rsquo;afficher l&rsquo;activit\u00e9 de l&rsquo;environnement informatique en r\u00e9seau d&rsquo;une universit\u00e9. Cela permettait de mieux comprendre comment les ordinateurs et les logiciels \u00e9taient utilis\u00e9s. Depuis lors, LabStats est devenu le leader mondial des outils de suivi informatique pour l&rsquo;enseignement sup\u00e9rieur.<\/p>\n\n\n\n<div style=\"height:50px\" aria-hidden=\"true\" class=\"wp-block-spacer\"><\/div>\n\n\n\n<div class=\"wp-block-columns is-layout-flex wp-container-core-columns-is-layout-9d6595d7 wp-block-columns-is-layout-flex\">\n<div class=\"wp-block-column is-layout-flow wp-block-column-is-layout-flow\">\n<i class=\"fas fa-university\" style=\"font-size:50px; text-align:center; display:block;color:#D9714F;\"><\/i>\n\n\n\n<div style=\"height:30px\" aria-hidden=\"true\" class=\"wp-block-spacer\"><\/div>\n\n\n\n<p class=\"has-text-align-center\">1,200+ Institutions <br>utilisant LabStats<\/p>\n\n\n\n<div style=\"height:40px\" aria-hidden=\"true\" class=\"wp-block-spacer\"><\/div>\n\n\n\n<i class=\"fas fa-code\" style=\"font-size:50px; text-align:center; display:block;color:#42809D;\"><\/i>\n\n\n\n<div style=\"height:30px\" aria-hidden=\"true\" class=\"wp-block-spacer\"><\/div>\n\n\n\n<p class=\"has-text-align-center\">600M API Demandes <br>annuelles<\/p>\n<\/div>\n\n\n\n<div class=\"wp-block-column is-layout-flow wp-block-column-is-layout-flow\">\n<i class=\"fas fa-users\" style=\"font-size:50px; text-align:center; display:block;color:#4B9C8F;\"><\/i>\n\n\n\n<div style=\"height:30px\" aria-hidden=\"true\" class=\"wp-block-spacer\"><\/div>\n\n\n\n<p class=\"has-text-align-center\">11,000+ Utilisateurs <br>de LabStats<\/p>\n\n\n\n<div style=\"height:40px\" aria-hidden=\"true\" class=\"wp-block-spacer\"><\/div>\n\n\n\n<i class=\"fas fa-desktop\" style=\"font-size:50px; text-align:center; display:block;color:#D9714F;\"><\/i>\n\n\n\n<div style=\"height:30px\" aria-hidden=\"true\" class=\"wp-block-spacer\"><\/div>\n\n\n\n<p class=\"has-text-align-center\">1.6M+ Ordinateurs <br>suivis<\/p>\n<\/div>\n\n\n\n<div class=\"wp-block-column is-layout-flow wp-block-column-is-layout-flow\">\n<i class=\"far fa-clock\" style=\"font-size:50px; text-align:center; display:block;color:#B92926;\"><\/i>\n\n\n\n<div style=\"height:30px\" aria-hidden=\"true\" class=\"wp-block-spacer\"><\/div>\n\n\n\n<p class=\"has-text-align-center\">1.5B+ Sessions <br>d&rsquo;application suivies<\/p>\n\n\n\n<div style=\"height:40px\" aria-hidden=\"true\" class=\"wp-block-spacer\"><\/div>\n\n\n\n<i class=\"fas fa-user-graduate\" style=\"font-size:50px; text-align:center; display:block;color:#82BCBF;\"><\/i>\n\n\n\n<div style=\"height:30px\" aria-hidden=\"true\" class=\"wp-block-spacer\"><\/div>\n\n\n\n<p class=\"has-text-align-center\">19M Suivi <br>des \u00e9tudiants<\/p>\n<\/div>\n<\/div>\n\n\n\n<p>Aujourd&rsquo;hui, la version cloud de LabStats est mis \u00e0 jour des centaines de fois par an sans frais suppl\u00e9mentaires pour nos clients. Nos \u00e9quipes sp\u00e9cialis\u00e9es dans les produits et le d\u00e9veloppement se concentrent sur la cr\u00e9ation des outils informatiques universitaires de l&rsquo;avenir.<\/p>\n\n\n\n<div style=\"height:80px\" aria-hidden=\"true\" class=\"wp-block-spacer\"><\/div>\n\n\n\n<div style=\"border-bottom:2px solid #cecece;width:900px;margin:auto;\"><\/div>\n\n\n\n<div style=\"height:40px\" aria-hidden=\"true\" class=\"wp-block-spacer\"><\/div>\n\n\n\n<h3 class=\"has-text-align-center wp-block-heading\">Coordonn\u00e9es de l&rsquo;entreprise<\/h3>\n\n\n\n<div style=\"height:20px\" aria-hidden=\"true\" class=\"wp-block-spacer\"><\/div>\n\n\n\n<div class=\"wp-block-columns is-layout-flex wp-container-core-columns-is-layout-9d6595d7 wp-block-columns-is-layout-flex\">\n<div class=\"wp-block-column is-layout-flow wp-block-column-is-layout-flow\">\n<p class=\"has-text-align-center\">T\u00e9l\u00e9phone 1-208-473-2222<br>Fax 1-208-473-2989<\/p>\n\n\n\n<p class=\"has-text-align-center\">ventes@labstats.com<br>assistance@labstats.com<\/p>\n<\/div>\n\n\n\n<div class=\"wp-block-column is-layout-flow wp-block-column-is-layout-flow\">\n<p class=\"has-text-align-center\">255 B Street, Suite 201<br>Idaho Falls, ID 83402<\/p>\n\n\n\n<p class=\"has-text-align-center\">Heures d\u2019ouverture<br>Mon-Fri 8am-5pm MST<\/p>\n<\/div>\n<\/div>\n","protected":false},"excerpt":{"rendered":"<p>Nous am\u00e9liorons l\u2019informatique des campus depuis le premier jour. La [&hellip;]<\/p>\n","protected":false},"author":4,"featured_media":0,"parent":0,"menu_order":0,"comment_status":"closed","ping_status":"closed","template":"","meta":{"content-type":"","_monsterinsights_skip_tracking":false,"_monsterinsights_sitenote_active":false,"_monsterinsights_sitenote_note":"","_monsterinsights_sitenote_category":0,"footnotes":""},"class_list":["post-12395","page","type-page","status-publish","hentry"],"yoast_head":"<!-- This site is optimized with the Yoast SEO plugin v27.6 - https:\/\/yoast.com\/product\/yoast-seo-wordpress\/ -->\n<title>Qui sommes-nous? - LabStats<\/title>\n<meta name=\"robots\" content=\"index, follow, max-snippet:-1, max-image-preview:large, max-video-preview:-1\" \/>\n<link rel=\"canonical\" href=\"https:\/\/labstats.com\/fr\/qui-sommes-nous\/\" \/>\n<meta property=\"og:locale\" content=\"fr_FR\" \/>\n<meta property=\"og:type\" content=\"article\" \/>\n<meta property=\"og:title\" content=\"Qui sommes-nous? - LabStats\" \/>\n<meta property=\"og:description\" content=\"Nous am\u00e9liorons l\u2019informatique des campus depuis le premier jour. La [&hellip;]\" \/>\n<meta property=\"og:url\" content=\"https:\/\/labstats.com\/fr\/qui-sommes-nous\/\" \/>\n<meta property=\"og:site_name\" content=\"LabStats\" \/>\n<meta property=\"article:modified_time\" content=\"2021-03-22T19:55:19+00:00\" \/>\n<meta name=\"twitter:card\" content=\"summary_large_image\" \/>\n<meta name=\"twitter:label1\" content=\"Dur\u00e9e de lecture estim\u00e9e\" \/>\n\t<meta name=\"twitter:data1\" content=\"1 minute\" \/>\n<script type=\"application\/ld+json\" class=\"yoast-schema-graph\">{\"@context\":\"https:\\\/\\\/schema.org\",\"@graph\":[{\"@type\":\"WebPage\",\"@id\":\"https:\\\/\\\/labstats.com\\\/fr\\\/qui-sommes-nous\\\/\",\"url\":\"https:\\\/\\\/labstats.com\\\/fr\\\/qui-sommes-nous\\\/\",\"name\":\"Qui sommes-nous? - LabStats\",\"isPartOf\":{\"@id\":\"https:\\\/\\\/labstats.com\\\/fr\\\/#website\"},\"datePublished\":\"2021-03-20T18:46:48+00:00\",\"dateModified\":\"2021-03-22T19:55:19+00:00\",\"breadcrumb\":{\"@id\":\"https:\\\/\\\/labstats.com\\\/fr\\\/qui-sommes-nous\\\/#breadcrumb\"},\"inLanguage\":\"fr-FR\",\"potentialAction\":[{\"@type\":\"ReadAction\",\"target\":[\"https:\\\/\\\/labstats.com\\\/fr\\\/qui-sommes-nous\\\/\"]}]},{\"@type\":\"BreadcrumbList\",\"@id\":\"https:\\\/\\\/labstats.com\\\/fr\\\/qui-sommes-nous\\\/#breadcrumb\",\"itemListElement\":[{\"@type\":\"ListItem\",\"position\":1,\"name\":\"Home\",\"item\":\"https:\\\/\\\/labstats.com\\\/\"},{\"@type\":\"ListItem\",\"position\":2,\"name\":\"Qui sommes-nous?\"}]},{\"@type\":\"WebSite\",\"@id\":\"https:\\\/\\\/labstats.com\\\/fr\\\/#website\",\"url\":\"https:\\\/\\\/labstats.com\\\/fr\\\/\",\"name\":\"LabStats\",\"description\":\"Computer Lab Monitoring\",\"publisher\":{\"@id\":\"https:\\\/\\\/labstats.com\\\/fr\\\/#organization\"},\"potentialAction\":[{\"@type\":\"SearchAction\",\"target\":{\"@type\":\"EntryPoint\",\"urlTemplate\":\"https:\\\/\\\/labstats.com\\\/fr\\\/?s={search_term_string}\"},\"query-input\":{\"@type\":\"PropertyValueSpecification\",\"valueRequired\":true,\"valueName\":\"search_term_string\"}}],\"inLanguage\":\"fr-FR\"},{\"@type\":\"Organization\",\"@id\":\"https:\\\/\\\/labstats.com\\\/fr\\\/#organization\",\"name\":\"LabStats\",\"url\":\"https:\\\/\\\/labstats.com\\\/fr\\\/\",\"logo\":{\"@type\":\"ImageObject\",\"inLanguage\":\"fr-FR\",\"@id\":\"https:\\\/\\\/labstats.com\\\/fr\\\/#\\\/schema\\\/logo\\\/image\\\/\",\"url\":\"https:\\\/\\\/labstats.com\\\/wp-content\\\/uploads\\\/2021\\\/05\\\/LogoGoogleAdmin1.png\",\"contentUrl\":\"https:\\\/\\\/labstats.com\\\/wp-content\\\/uploads\\\/2021\\\/05\\\/LogoGoogleAdmin1.png\",\"width\":320,\"height\":110,\"caption\":\"LabStats\"},\"image\":{\"@id\":\"https:\\\/\\\/labstats.com\\\/fr\\\/#\\\/schema\\\/logo\\\/image\\\/\"}}]}<\/script>\n<!-- \/ Yoast SEO plugin. -->","yoast_head_json":{"title":"Qui sommes-nous? - LabStats","robots":{"index":"index","follow":"follow","max-snippet":"max-snippet:-1","max-image-preview":"max-image-preview:large","max-video-preview":"max-video-preview:-1"},"canonical":"https:\/\/labstats.com\/fr\/qui-sommes-nous\/","og_locale":"fr_FR","og_type":"article","og_title":"Qui sommes-nous? - LabStats","og_description":"Nous am\u00e9liorons l\u2019informatique des campus depuis le premier jour. La [&hellip;]","og_url":"https:\/\/labstats.com\/fr\/qui-sommes-nous\/","og_site_name":"LabStats","article_modified_time":"2021-03-22T19:55:19+00:00","twitter_card":"summary_large_image","twitter_misc":{"Dur\u00e9e de lecture estim\u00e9e":"1 minute"},"schema":{"@context":"https:\/\/schema.org","@graph":[{"@type":"WebPage","@id":"https:\/\/labstats.com\/fr\/qui-sommes-nous\/","url":"https:\/\/labstats.com\/fr\/qui-sommes-nous\/","name":"Qui sommes-nous? - LabStats","isPartOf":{"@id":"https:\/\/labstats.com\/fr\/#website"},"datePublished":"2021-03-20T18:46:48+00:00","dateModified":"2021-03-22T19:55:19+00:00","breadcrumb":{"@id":"https:\/\/labstats.com\/fr\/qui-sommes-nous\/#breadcrumb"},"inLanguage":"fr-FR","potentialAction":[{"@type":"ReadAction","target":["https:\/\/labstats.com\/fr\/qui-sommes-nous\/"]}]},{"@type":"BreadcrumbList","@id":"https:\/\/labstats.com\/fr\/qui-sommes-nous\/#breadcrumb","itemListElement":[{"@type":"ListItem","position":1,"name":"Home","item":"https:\/\/labstats.com\/"},{"@type":"ListItem","position":2,"name":"Qui sommes-nous?"}]},{"@type":"WebSite","@id":"https:\/\/labstats.com\/fr\/#website","url":"https:\/\/labstats.com\/fr\/","name":"LabStats","description":"Computer Lab Monitoring","publisher":{"@id":"https:\/\/labstats.com\/fr\/#organization"},"potentialAction":[{"@type":"SearchAction","target":{"@type":"EntryPoint","urlTemplate":"https:\/\/labstats.com\/fr\/?s={search_term_string}"},"query-input":{"@type":"PropertyValueSpecification","valueRequired":true,"valueName":"search_term_string"}}],"inLanguage":"fr-FR"},{"@type":"Organization","@id":"https:\/\/labstats.com\/fr\/#organization","name":"LabStats","url":"https:\/\/labstats.com\/fr\/","logo":{"@type":"ImageObject","inLanguage":"fr-FR","@id":"https:\/\/labstats.com\/fr\/#\/schema\/logo\/image\/","url":"https:\/\/labstats.com\/wp-content\/uploads\/2021\/05\/LogoGoogleAdmin1.png","contentUrl":"https:\/\/labstats.com\/wp-content\/uploads\/2021\/05\/LogoGoogleAdmin1.png","width":320,"height":110,"caption":"LabStats"},"image":{"@id":"https:\/\/labstats.com\/fr\/#\/schema\/logo\/image\/"}}]}},"_links":{"self":[{"href":"https:\/\/labstats.com\/fr\/wp-json\/wp\/v2\/pages\/12395","targetHints":{"allow":["GET"]}}],"collection":[{"href":"https:\/\/labstats.com\/fr\/wp-json\/wp\/v2\/pages"}],"about":[{"href":"https:\/\/labstats.com\/fr\/wp-json\/wp\/v2\/types\/page"}],"author":[{"embeddable":true,"href":"https:\/\/labstats.com\/fr\/wp-json\/wp\/v2\/users\/4"}],"replies":[{"embeddable":true,"href":"https:\/\/labstats.com\/fr\/wp-json\/wp\/v2\/comments?post=12395"}],"version-history":[{"count":0,"href":"https:\/\/labstats.com\/fr\/wp-json\/wp\/v2\/pages\/12395\/revisions"}],"wp:attachment":[{"href":"https:\/\/labstats.com\/fr\/wp-json\/wp\/v2\/media?parent=12395"}],"curies":[{"name":"wp","href":"https:\/\/api.w.org\/{rel}","templated":true}]}}