{"id":12400,"date":"2021-03-20T20:20:00","date_gmt":"2021-03-20T20:20:00","guid":{"rendered":"https:\/\/labstatsdevdev.wpenginepowered.com\/?page_id=12400"},"modified":"2021-03-20T21:29:55","modified_gmt":"2021-03-20T21:29:55","slug":"confidentialite","status":"publish","type":"page","link":"https:\/\/labstats.com\/fr\/confidentialite\/","title":{"rendered":"Confidentialit\u00e9"},"content":{"rendered":"\n<div class=\"tb-fields-and-text\" data-toolset-blocks-fields-and-text=\"360284519b991feb492b582c7d84725f\">\n<h5 style=\"text-align: center; text-transform: uppercase; margin-bottom: 0px;\">Confidentialit\u00e9<\/h5>\n<h1 style=\"text-align: center; margin-top: 10px; margin-bottom: 10px;\">Confidentialit\u00e9 et s\u00e9curit\u00e9 des donn\u00e9es<\/h1>\n<\/div>\n\n\n\n<div style=\"height:70px\" aria-hidden=\"true\" class=\"wp-block-spacer\"><\/div>\n\n\n\n<div class=\"wp-block-toolset-blocks-container tb-container alignfull\" data-toolset-blocks-container=\"c37b7ec3890fa1ff348afb2f3eeabc11\"><div class=\"tb-container-inner entry-content\">\n<div class=\"wp-block-columns is-layout-flex wp-container-core-columns-is-layout-9d6595d7 wp-block-columns-is-layout-flex\">\n<div class=\"wp-block-column is-layout-flow wp-block-column-is-layout-flow\" style=\"flex-basis:33.33%\">\n<div class=\"wp-block-senff-sticky-block\" data-topspace=\"150\" data-cfa=\"true\" data-minwidth=\"600\" data-maxwidth=\"99999\" data-pushup=\".fusion-footer\" data-zindex=\"1\">\n<p style=\"font-size:17px;line-height: 33px;\"><a href=\"#security-documentation\"><i class=\"fas fa-angle-right\"><\/i> Documentation de s\u00e9curit\u00e9<\/a>\n<br>\n<a href=\"#privacy-policy\"><i class=\"fas fa-angle-right\"><\/i> Website Privacy Policy<\/a>\n<br>\n<a href=\"#your-info\"><i class=\"fas fa-angle-right\"><\/i> Your Information<\/a>\n<br>\n<a href=\"#your-rights\"><i class=\"fas fa-angle-right\"><\/i> Your Rights<\/a>\n<br>\n<a href=\"#changes\"><i class=\"fas fa-angle-right\"><\/i> Changes to This Privacy Policy<\/a>\n<br>\n<a href=\"#questions\"><i class=\"fas fa-angle-right\"><\/i> Questions About This Privacy Policy<\/a><\/p>\n\n\n\n<p>&nbsp;<\/p>\n<\/div>\n<\/div>\n\n\n\n<div class=\"wp-block-column is-layout-flow wp-block-column-is-layout-flow\" style=\"flex-basis:66.66%\">\n<h2 id=\"security-documentation\" style=\"scroll-margin-top: 150px;\">Documentation de s\u00e9curit\u00e9<\/h2>\n\n\n\n<div style=\"height:30px\" aria-hidden=\"true\" class=\"wp-block-spacer\"><\/div>\n\n\n\n<div class=\"wp-block-columns is-layout-flex wp-container-core-columns-is-layout-9d6595d7 wp-block-columns-is-layout-flex\">\n<div class=\"wp-block-column is-layout-flow wp-block-column-is-layout-flow\">\n<div style=\"border-bottom:2px solid #cecece;max-width:550px;margin-bottom:20px;\"><\/div>\n\n\n\n<p><a href=\"\/wp-content\/uploads\/2021\/03\/Apercu-de-la-securite-cloud-de-LabStats.pdf\">Aper\u00e7u de la s\u00e9curit\u00e9 cloud de LabStats<\/a><\/p>\n\n\n\n<div style=\"border-bottom:2px solid #cecece;max-width:550px;margin-bottom:20px;\"><\/div>\n\n\n\n<p><a href=\"\/wp-content\/uploads\/2021\/03\/Contrat-de-licence-de-lutilisateur-final-de-LabStats.pdf\">Contrat de licence de l\u2019utilisateur final de LabStats<\/a><\/p>\n\n\n\n<div style=\"border-bottom:2px solid #cecece;max-width:550px;margin-bottom:20px;\"><\/div>\n<\/div>\n\n\n\n<div class=\"wp-block-column is-layout-flow wp-block-column-is-layout-flow\">\n<div style=\"border-bottom:2px solid #cecece;max-width:550px;margin-bottom:20px;\"><\/div>\n\n\n\n<p><a href=\"\/wp-content\/uploads\/2019\/07\/WindowsAzure-SecurityPrivacyCompliance-1.pdf\">Conformit\u00e9 de la confidentialit\u00e9 avec la s\u00e9curit\u00e9 Windows Azure (Anglais)<\/a><\/p>\n\n\n\n<div style=\"border-bottom:2px solid #cecece;max-width:550px;margin-bottom:20px;\"><\/div>\n\n\n\n<div style=\"height:10px\" aria-hidden=\"true\" class=\"wp-block-spacer\"><\/div>\n\n\n\n<p><a href=\"\/wp-content\/uploads\/2021\/03\/LabStats-Data-Privacy-Policy.pdf\">Politique de confidentialit\u00e9 des donn\u00e9es LabStats (Anglais)<\/a><\/p>\n\n\n\n<div style=\"border-bottom:2px solid #cecece;max-width:550px;margin-bottom:20px;\"><\/div>\n\n\n\n<div style=\"height:10px\" aria-hidden=\"true\" class=\"wp-block-spacer\"><\/div>\n<\/div>\n<\/div>\n<\/div>\n<\/div>\n<\/div><\/div>\n\n\n\n<div class=\"wp-block-columns is-layout-flex wp-container-core-columns-is-layout-9d6595d7 wp-block-columns-is-layout-flex\">\n<div class=\"wp-block-column is-layout-flow wp-block-column-is-layout-flow\" style=\"flex-basis:33.33%\"><\/div>\n\n\n\n<div class=\"wp-block-column is-layout-flow wp-block-column-is-layout-flow\" style=\"flex-basis:66.66%\">\n<div class=\"wp-block-spacer\" style=\"height: 90px;\" aria-hidden=\"true\">&nbsp;<\/div>\n\n\n\n<h2 id=\"privacy-policy\">Politique de confidentialit\u00e9 du site web<\/h2>\n\n\n\n<p>LabStats comprend que vous vous souciez des modes de recueil et d&rsquo;utilisation des informations personnelles. LabStats s&rsquo;engage \u00e0 prot\u00e9ger la confidentialit\u00e9 des personnes qui interagissent avec nous. Cette politique de confidentialit\u00e9 LabStats (\u00ab&nbsp;Politique de confidentialit\u00e9&nbsp;\u00bb) d\u00e9crit les pratiques de confidentialit\u00e9 de Computer Lab Solutions, LLC (\u00ab&nbsp;LabStats&nbsp;\u00bb) pour notre site Web.<\/p>\n\n\n\n<p>Vous pouvez nous fournir des informations personnelles lorsque remplissez un formulaire sur le Web, utilisez notre fonction de chat en direct, programmez une analyse du produit ou ouvrez un ticket d&rsquo;assistance. Nous pouvons recueillir les informations suivantes :<\/p>\n\n\n\n<h3 id=\"your-info\">Vos informations<\/h3>\n\n\n\n<ul class=\"wp-block-list\"><li>Votre pr\u00e9nom<\/li><li>Votre nom<\/li><li>Le nom de votre \u00e9tablissement<\/li><li>Votre adresse \u00e9lectronique<\/li><li>Votre num\u00e9ro de t\u00e9l\u00e9phone<\/li><\/ul>\n\n\n\n<h4 id=\"use-of-info\">Utilisation des informations<\/h4>\n\n\n\n<p>Nous pouvons utiliser les informations recueillies pour&nbsp;:<\/p>\n\n\n\n<ul class=\"wp-block-list\"><li>Vous contacter par e-mail ou par t\u00e9l\u00e9phone pour vous fournir les services ou informations demand\u00e9s<\/li><li>Vous contacter par e-mail ou par t\u00e9l\u00e9phone pour aborder nos services ou le renouvellement de votre abonnement<\/li><li>Vous contacter par e-mail ou par t\u00e9l\u00e9phone pour r\u00e9soudre vos probl\u00e8mes techniques<\/li><li>Vous contacter par e-mail ou par t\u00e9l\u00e9phone pour vous informer sur les mises \u00e0 jour des services LabStats, les offres sp\u00e9ciales ou des informations similaires<\/li><li>Vous contacter par e-mail ou par t\u00e9l\u00e9phone pour obtenir des commentaires sur nos services<\/li><li>Vous envoyez des lettres d&rsquo;information \u00e9lectroniques par e-mail<\/li><li>Am\u00e9liorer notre site Web<\/li><\/ul>\n\n\n\n<h4 id=\"sharing\">Partage d&rsquo;informations<\/h4>\n\n\n\n<p>Nous travaillons avec des entreprises qui nous fournissent des services. Ces entreprises peuvent traiter des paiements ou assurer l&rsquo;h\u00e9bergement de donn\u00e9es. Nous ne partageons des informations personnelles avec ces entreprises que dans la mesure o\u00f9 cela est n\u00e9cessaire pour r\u00e9aliser votre achat et fournir les services convenus.<\/p>\n\n\n\n<p>LabStats peut \u00e9galement partager vos informations personnelles s&rsquo;il nous est demand\u00e9 de fournir des informations en r\u00e9ponse \u00e0 une assignation, une d\u00e9cision d&rsquo;un tribunal, la loi applicable, une ordonnance, une r\u00e9glementation ou un autre processus juridique.<\/p>\n\n\n\n<h4 id=\"storage\">S\u00e9curit\u00e9 et stockage<\/h4>\n\n\n\n<p>LabStats met en \u0153uvre des contr\u00f4les de s\u00e9curit\u00e9 administratifs, techniques et physiques raisonnables destin\u00e9s \u00e0 prot\u00e9ger vos informations personnelles contre un acc\u00e8s non autoris\u00e9 ou une utilisation abusive. Toutefois, malgr\u00e9 tous nos efforts, aucun contr\u00f4le de s\u00e9curit\u00e9 n&rsquo;est compl\u00e8tement efficace et nous ne pouvons pas assurer ni garantir la s\u00e9curit\u00e9 de vos informations personnelles. Vos informations personnelles sont stock\u00e9es sur nos serveurs et les serveurs des entreprises qui nous fournissent des services.<\/p>\n\n\n\n<h4 id=\"accuracy\">Exactitude des Informations<\/h4>\n\n\n\n<p>Nous prenons des mesures raisonnables pour nous assurer que les informations personnelles que nous recueillons sont exactes, compl\u00e8tes et actuelles en utilisant les informations les plus r\u00e9centes qui nous sont transmises. Si vous souhaitez contr\u00f4ler et modifier vos informations personnelles, veuillez envoyer une demande en utilisant les coordonn\u00e9es indiqu\u00e9es ci-dessous.<\/p>\n\n\n\n<h3 id=\"your-rights\">Vos droits<\/h3>\n\n\n\n<p>Nous respectons les droits qui peuvent vous \u00eatre accord\u00e9s par certaines lois de recevoir une copie des informations personnelles que nous d\u00e9tenons sur vous et de demander la correction ou l&rsquo;effacement des informations personnelles que nous d\u00e9tenons sur vous. Pour cela, veuillez envoyer une demande en utilisant les coordonn\u00e9es indiqu\u00e9es ci-dessous.<\/p>\n\n\n\n<h4 id=\"opting-out\">Renonciation<\/h4>\n\n\n\n<p>Vous pouvez renoncer \u00e0 recevoir des communications en suivant les instructions de \u00ab&nbsp;d\u00e9sabonnement&nbsp;\u00bb contenues dans le courrier, la lettre d&rsquo;information ou toute autre communication que nous vous envoyons. Vous pouvez aussi envoyer une demande en utilisant les coordonn\u00e9es indiqu\u00e9es ci-dessous.<\/p>\n\n\n\n<h3 id=\"changes\">Modifications de cette politique de confidentialit\u00e9<\/h3>\n\n\n\n<p>Il pourra nous arriver de modifier ou d&rsquo;actualiser cette politique de confidentialit\u00e9, et ces modifications prendront effet d\u00e8s leur publication. Nous vous recommandons de contr\u00f4le r\u00e9guli\u00e8rement cette politique de confidentialit\u00e9 pour v\u00e9rifier les derni\u00e8res informations sur nos pratiques en mati\u00e8re de confidentialit\u00e9.<\/p>\n\n\n\n<h3 id=\"questions\">Questions concernant cette politique de confidentialit\u00e9<\/h3>\n\n\n\n<p>Pour toute question concernant cette politique de confidentialit\u00e9, veuillez nous contacter&nbsp;:<\/p>\n\n\n\n<p>LabStats<br>255 B Street, Suite 201<br>Idaho Falls, ID 83402<br>E-mail&nbsp;:&nbsp;legal@labstats.com<br>T\u00e9l\u00e9phone&nbsp;:&nbsp;1-208-473-2222<\/p>\n<\/div>\n<\/div>\n\n\n\n<p>&nbsp;<\/p>\n","protected":false},"excerpt":{"rendered":"<p>&nbsp; Politique de confidentialit\u00e9 du site web LabStats comprend que [&hellip;]<\/p>\n","protected":false},"author":4,"featured_media":0,"parent":0,"menu_order":0,"comment_status":"closed","ping_status":"closed","template":"","meta":{"content-type":"","_monsterinsights_skip_tracking":false,"_monsterinsights_sitenote_active":false,"_monsterinsights_sitenote_note":"","_monsterinsights_sitenote_category":0,"footnotes":""},"class_list":["post-12400","page","type-page","status-publish","hentry"],"yoast_head":"<!-- This site is optimized with the Yoast SEO plugin v27.5 - https:\/\/yoast.com\/product\/yoast-seo-wordpress\/ -->\n<title>Confidentialit\u00e9 - LabStats<\/title>\n<meta name=\"robots\" content=\"index, follow, max-snippet:-1, max-image-preview:large, max-video-preview:-1\" \/>\n<link rel=\"canonical\" href=\"https:\/\/labstats.com\/fr\/confidentialite\/\" \/>\n<meta property=\"og:locale\" content=\"fr_FR\" \/>\n<meta property=\"og:type\" content=\"article\" \/>\n<meta property=\"og:title\" content=\"Confidentialit\u00e9 - LabStats\" \/>\n<meta property=\"og:description\" content=\"&nbsp; Politique de confidentialit\u00e9 du site web LabStats comprend que [&hellip;]\" \/>\n<meta property=\"og:url\" content=\"https:\/\/labstats.com\/fr\/confidentialite\/\" \/>\n<meta property=\"og:site_name\" content=\"LabStats\" \/>\n<meta property=\"article:modified_time\" content=\"2021-03-20T21:29:55+00:00\" \/>\n<meta name=\"twitter:card\" content=\"summary_large_image\" \/>\n<meta name=\"twitter:label1\" content=\"Dur\u00e9e de lecture estim\u00e9e\" \/>\n\t<meta name=\"twitter:data1\" content=\"4 minutes\" \/>\n<script type=\"application\/ld+json\" class=\"yoast-schema-graph\">{\"@context\":\"https:\\\/\\\/schema.org\",\"@graph\":[{\"@type\":\"WebPage\",\"@id\":\"https:\\\/\\\/labstats.com\\\/fr\\\/confidentialite\\\/\",\"url\":\"https:\\\/\\\/labstats.com\\\/fr\\\/confidentialite\\\/\",\"name\":\"Confidentialit\u00e9 - LabStats\",\"isPartOf\":{\"@id\":\"https:\\\/\\\/labstats.com\\\/fr\\\/#website\"},\"datePublished\":\"2021-03-20T20:20:00+00:00\",\"dateModified\":\"2021-03-20T21:29:55+00:00\",\"breadcrumb\":{\"@id\":\"https:\\\/\\\/labstats.com\\\/fr\\\/confidentialite\\\/#breadcrumb\"},\"inLanguage\":\"fr-FR\",\"potentialAction\":[{\"@type\":\"ReadAction\",\"target\":[\"https:\\\/\\\/labstats.com\\\/fr\\\/confidentialite\\\/\"]}]},{\"@type\":\"BreadcrumbList\",\"@id\":\"https:\\\/\\\/labstats.com\\\/fr\\\/confidentialite\\\/#breadcrumb\",\"itemListElement\":[{\"@type\":\"ListItem\",\"position\":1,\"name\":\"Home\",\"item\":\"https:\\\/\\\/labstats.com\\\/\"},{\"@type\":\"ListItem\",\"position\":2,\"name\":\"Confidentialit\u00e9\"}]},{\"@type\":\"WebSite\",\"@id\":\"https:\\\/\\\/labstats.com\\\/fr\\\/#website\",\"url\":\"https:\\\/\\\/labstats.com\\\/fr\\\/\",\"name\":\"LabStats\",\"description\":\"Computer Lab Monitoring\",\"publisher\":{\"@id\":\"https:\\\/\\\/labstats.com\\\/fr\\\/#organization\"},\"potentialAction\":[{\"@type\":\"SearchAction\",\"target\":{\"@type\":\"EntryPoint\",\"urlTemplate\":\"https:\\\/\\\/labstats.com\\\/fr\\\/?s={search_term_string}\"},\"query-input\":{\"@type\":\"PropertyValueSpecification\",\"valueRequired\":true,\"valueName\":\"search_term_string\"}}],\"inLanguage\":\"fr-FR\"},{\"@type\":\"Organization\",\"@id\":\"https:\\\/\\\/labstats.com\\\/fr\\\/#organization\",\"name\":\"LabStats\",\"url\":\"https:\\\/\\\/labstats.com\\\/fr\\\/\",\"logo\":{\"@type\":\"ImageObject\",\"inLanguage\":\"fr-FR\",\"@id\":\"https:\\\/\\\/labstats.com\\\/fr\\\/#\\\/schema\\\/logo\\\/image\\\/\",\"url\":\"https:\\\/\\\/labstats.com\\\/wp-content\\\/uploads\\\/2021\\\/05\\\/LogoGoogleAdmin1.png\",\"contentUrl\":\"https:\\\/\\\/labstats.com\\\/wp-content\\\/uploads\\\/2021\\\/05\\\/LogoGoogleAdmin1.png\",\"width\":320,\"height\":110,\"caption\":\"LabStats\"},\"image\":{\"@id\":\"https:\\\/\\\/labstats.com\\\/fr\\\/#\\\/schema\\\/logo\\\/image\\\/\"}}]}<\/script>\n<!-- \/ Yoast SEO plugin. -->","yoast_head_json":{"title":"Confidentialit\u00e9 - LabStats","robots":{"index":"index","follow":"follow","max-snippet":"max-snippet:-1","max-image-preview":"max-image-preview:large","max-video-preview":"max-video-preview:-1"},"canonical":"https:\/\/labstats.com\/fr\/confidentialite\/","og_locale":"fr_FR","og_type":"article","og_title":"Confidentialit\u00e9 - LabStats","og_description":"&nbsp; Politique de confidentialit\u00e9 du site web LabStats comprend que [&hellip;]","og_url":"https:\/\/labstats.com\/fr\/confidentialite\/","og_site_name":"LabStats","article_modified_time":"2021-03-20T21:29:55+00:00","twitter_card":"summary_large_image","twitter_misc":{"Dur\u00e9e de lecture estim\u00e9e":"4 minutes"},"schema":{"@context":"https:\/\/schema.org","@graph":[{"@type":"WebPage","@id":"https:\/\/labstats.com\/fr\/confidentialite\/","url":"https:\/\/labstats.com\/fr\/confidentialite\/","name":"Confidentialit\u00e9 - LabStats","isPartOf":{"@id":"https:\/\/labstats.com\/fr\/#website"},"datePublished":"2021-03-20T20:20:00+00:00","dateModified":"2021-03-20T21:29:55+00:00","breadcrumb":{"@id":"https:\/\/labstats.com\/fr\/confidentialite\/#breadcrumb"},"inLanguage":"fr-FR","potentialAction":[{"@type":"ReadAction","target":["https:\/\/labstats.com\/fr\/confidentialite\/"]}]},{"@type":"BreadcrumbList","@id":"https:\/\/labstats.com\/fr\/confidentialite\/#breadcrumb","itemListElement":[{"@type":"ListItem","position":1,"name":"Home","item":"https:\/\/labstats.com\/"},{"@type":"ListItem","position":2,"name":"Confidentialit\u00e9"}]},{"@type":"WebSite","@id":"https:\/\/labstats.com\/fr\/#website","url":"https:\/\/labstats.com\/fr\/","name":"LabStats","description":"Computer Lab Monitoring","publisher":{"@id":"https:\/\/labstats.com\/fr\/#organization"},"potentialAction":[{"@type":"SearchAction","target":{"@type":"EntryPoint","urlTemplate":"https:\/\/labstats.com\/fr\/?s={search_term_string}"},"query-input":{"@type":"PropertyValueSpecification","valueRequired":true,"valueName":"search_term_string"}}],"inLanguage":"fr-FR"},{"@type":"Organization","@id":"https:\/\/labstats.com\/fr\/#organization","name":"LabStats","url":"https:\/\/labstats.com\/fr\/","logo":{"@type":"ImageObject","inLanguage":"fr-FR","@id":"https:\/\/labstats.com\/fr\/#\/schema\/logo\/image\/","url":"https:\/\/labstats.com\/wp-content\/uploads\/2021\/05\/LogoGoogleAdmin1.png","contentUrl":"https:\/\/labstats.com\/wp-content\/uploads\/2021\/05\/LogoGoogleAdmin1.png","width":320,"height":110,"caption":"LabStats"},"image":{"@id":"https:\/\/labstats.com\/fr\/#\/schema\/logo\/image\/"}}]}},"_links":{"self":[{"href":"https:\/\/labstats.com\/fr\/wp-json\/wp\/v2\/pages\/12400","targetHints":{"allow":["GET"]}}],"collection":[{"href":"https:\/\/labstats.com\/fr\/wp-json\/wp\/v2\/pages"}],"about":[{"href":"https:\/\/labstats.com\/fr\/wp-json\/wp\/v2\/types\/page"}],"author":[{"embeddable":true,"href":"https:\/\/labstats.com\/fr\/wp-json\/wp\/v2\/users\/4"}],"replies":[{"embeddable":true,"href":"https:\/\/labstats.com\/fr\/wp-json\/wp\/v2\/comments?post=12400"}],"version-history":[{"count":0,"href":"https:\/\/labstats.com\/fr\/wp-json\/wp\/v2\/pages\/12400\/revisions"}],"wp:attachment":[{"href":"https:\/\/labstats.com\/fr\/wp-json\/wp\/v2\/media?parent=12400"}],"curies":[{"name":"wp","href":"https:\/\/api.w.org\/{rel}","templated":true}]}}