{"id":9348,"date":"2021-03-15T16:07:23","date_gmt":"2021-03-15T16:07:23","guid":{"rendered":"https:\/\/labstatsdevdev.wpenginepowered.com\/?page_id=9348"},"modified":"2021-07-26T20:22:14","modified_gmt":"2021-07-26T20:22:14","slug":"produit","status":"publish","type":"page","link":"https:\/\/labstats.com\/fr\/produit\/","title":{"rendered":"Produit"},"content":{"rendered":"\n<div class=\"wp-block-toolset-blocks-container tb-container\" data-toolset-blocks-container=\"e0ece99fae25bd59fadceed2f58ca0df\"><div class=\"tb-container-inner\">\n<h5 style=\"text-align: center; text-transform: uppercase; margin-bottom: 0px;\">Produit<\/h5>\n<h1 style=\"text-align: center; margin-top: 10px; margin-bottom: 10px;\">Une solution puissante qui r\u00e9pond \u00e0 tous vos besoins en mati\u00e8re de suivi et d\u2019acc\u00e8s.<\/h1>\n\n\n\n<div style=\"height:40px\" aria-hidden=\"true\" class=\"wp-block-spacer\"><\/div>\n<\/div><\/div>\n\n\n\n<div class=\"wp-block-toolset-blocks-container tb-container\" data-toolset-blocks-container=\"0c8f7396eaf787b7625c597c2d7bc839\">\n<h5 style=\"text-align: center; text-transform: uppercase; margin-bottom: 0px;\">Product<\/h5>\n<h3 style=\"text-align: center; margin-top: 10px; margin-bottom: 10px;\">One powerful product suite to meet all your monitoring and access needs.<\/h3>\n<\/div>\n\n\n\n<div class=\"wp-block-toolset-blocks-container tb-container alignfull\" data-toolset-blocks-container=\"a9862d1e0e4bbd412cb16189bda297be\"><div class=\"tb-container-inner\">\n<div style=\"height:20px\" aria-hidden=\"true\" class=\"wp-block-spacer\"><\/div>\n\n\n\n<div class=\"wp-block-columns is-layout-flex wp-container-core-columns-is-layout-9d6595d7 wp-block-columns-is-layout-flex\">\n<div class=\"wp-block-column is-layout-flow wp-block-column-is-layout-flow\">\n<div style=\"height:70px\" aria-hidden=\"true\" class=\"wp-block-spacer\"><\/div>\n\n\n\n<a class=\"wp-block-toolset-blocks-container tb-container product-cards\" href=\"\/reports\" style=\"display:block\" data-toolset-blocks-container=\"8f4cca68bcca7272795f38de015236a9\">\n<div class=\"wp-block-image\"><figure class=\"aligncenter size-large\"><img fetchpriority=\"high\" decoding=\"async\" width=\"450\" height=\"300\" src=\"https:\/\/labstats.com\/wp-content\/uploads\/2021\/03\/Computer-Lab-Monitoring-Report-1.png\" alt=\"\" class=\"wp-image-8350\" srcset=\"https:\/\/labstats.com\/wp-content\/uploads\/2021\/03\/Computer-Lab-Monitoring-Report-1-200x133.png 200w, https:\/\/labstats.com\/wp-content\/uploads\/2021\/03\/Computer-Lab-Monitoring-Report-1-300x200.png 300w, https:\/\/labstats.com\/wp-content\/uploads\/2021\/03\/Computer-Lab-Monitoring-Report-1-400x267.png 400w, https:\/\/labstats.com\/wp-content\/uploads\/2021\/03\/Computer-Lab-Monitoring-Report-1.png 450w\" sizes=\"(max-width: 450px) 100vw, 450px\" \/><\/figure><\/div>\n\n\n\n<h3 class=\"wp-block-heading\">Rapports<br><\/h3>\n\n\n\n<p>Suivez quand, o\u00f9 et combien de temps les \u00e9tudiants utilisent les ordinateurs et les logiciels.<\/p>\n\n\n\n<div style=\"height:40px\" aria-hidden=\"true\" class=\"wp-block-spacer\"><\/div>\n<\/a>\n\n\n\n<div style=\"height:70px\" aria-hidden=\"true\" class=\"wp-block-spacer\"><\/div>\n\n\n\n<a class=\"wp-block-toolset-blocks-container tb-container product-cards\" href=\"\/labfind-features\/\" style=\"display:block\" data-toolset-blocks-container=\"2ce8432ce4114b5be8249526097367e0\">\n<div class=\"wp-block-image\"><figure class=\"aligncenter size-large\"><img decoding=\"async\" width=\"450\" height=\"300\" src=\"https:\/\/labstats.com\/wp-content\/uploads\/2021\/03\/LabFind-LabStats-Mobile-App-1.png\" alt=\"\" class=\"wp-image-8356\" srcset=\"https:\/\/labstats.com\/wp-content\/uploads\/2021\/03\/LabFind-LabStats-Mobile-App-1-200x133.png 200w, https:\/\/labstats.com\/wp-content\/uploads\/2021\/03\/LabFind-LabStats-Mobile-App-1-300x200.png 300w, https:\/\/labstats.com\/wp-content\/uploads\/2021\/03\/LabFind-LabStats-Mobile-App-1-400x267.png 400w, https:\/\/labstats.com\/wp-content\/uploads\/2021\/03\/LabFind-LabStats-Mobile-App-1.png 450w\" sizes=\"(max-width: 450px) 100vw, 450px\" \/><\/figure><\/div>\n\n\n\n<h3 class=\"wp-block-heading\">LabFind<br><\/h3>\n\n\n\n<p>Permettez aux \u00e9l\u00e8ves de se diriger vers les logiciels et ordinateurs \u00e0 l&rsquo;aide de leur t\u00e9l\u00e9phone.<\/p>\n\n\n\n<div style=\"height:6px\" aria-hidden=\"true\" class=\"wp-block-spacer\"><\/div>\n<\/a>\n<\/div>\n\n\n\n<div class=\"wp-block-column is-layout-flow wp-block-column-is-layout-flow\">\n<div style=\"height:70px\" aria-hidden=\"true\" class=\"wp-block-spacer\"><\/div>\n\n\n\n<a class=\"wp-block-toolset-blocks-container tb-container product-cards\" href=\"\/remote-access-dashboard\/\" style=\"display:block\" data-toolset-blocks-container=\"46c48286ec61f86f6e19168eea391bef\">\n<div class=\"wp-block-image\"><figure class=\"aligncenter size-large\"><img decoding=\"async\" width=\"450\" height=\"300\" src=\"https:\/\/labstats.com\/wp-content\/uploads\/2021\/03\/LabStats-Remote-Access-Dashboard-1.png\" alt=\"\" class=\"wp-image-8348\" srcset=\"https:\/\/labstats.com\/wp-content\/uploads\/2021\/03\/LabStats-Remote-Access-Dashboard-1-200x133.png 200w, https:\/\/labstats.com\/wp-content\/uploads\/2021\/03\/LabStats-Remote-Access-Dashboard-1-300x200.png 300w, https:\/\/labstats.com\/wp-content\/uploads\/2021\/03\/LabStats-Remote-Access-Dashboard-1-400x267.png 400w, https:\/\/labstats.com\/wp-content\/uploads\/2021\/03\/LabStats-Remote-Access-Dashboard-1.png 450w\" sizes=\"(max-width: 450px) 100vw, 450px\" \/><\/figure><\/div>\n\n\n\n<h3 class=\"wp-block-heading\">Acc\u00e8s \u00e0 distance<br><\/h3>\n\n\n\n<p>Afficher les ordinateurs disponibles sur le campus pour que les \u00e9tudiants puissent s&rsquo;y connecter \u00e0 distance.<\/p>\n\n\n\n<div style=\"height:40px\" aria-hidden=\"true\" class=\"wp-block-spacer\"><\/div>\n<\/a>\n\n\n\n<div style=\"height:70px\" aria-hidden=\"true\" class=\"wp-block-spacer\"><\/div>\n\n\n\n<a class=\"wp-block-toolset-blocks-container tb-container product-cards\" href=\"\/api\" style=\"display:block\" data-toolset-blocks-container=\"28e4db637670d018c42a40140fddb988\">\n<div class=\"wp-block-image\"><figure class=\"aligncenter size-large\"><img loading=\"lazy\" decoding=\"async\" width=\"450\" height=\"300\" src=\"https:\/\/labstats.com\/wp-content\/uploads\/2021\/03\/LabStats-API-Custom-Reports-1.png\" alt=\"\" class=\"wp-image-8354\" srcset=\"https:\/\/labstats.com\/wp-content\/uploads\/2021\/03\/LabStats-API-Custom-Reports-1-200x133.png 200w, https:\/\/labstats.com\/wp-content\/uploads\/2021\/03\/LabStats-API-Custom-Reports-1-300x200.png 300w, https:\/\/labstats.com\/wp-content\/uploads\/2021\/03\/LabStats-API-Custom-Reports-1-400x267.png 400w, https:\/\/labstats.com\/wp-content\/uploads\/2021\/03\/LabStats-API-Custom-Reports-1.png 450w\" sizes=\"(max-width: 450px) 100vw, 450px\" \/><\/figure><\/div>\n\n\n\n<h3 class=\"wp-block-heading\">API de LabStats<br><\/h3>\n\n\n\n<p>D\u00e9veloppez ou am\u00e9liorez vos propres outils gr\u00e2ce \u00e0 l&rsquo;API LabStats.<\/p>\n\n\n\n<div style=\"height:40px\" aria-hidden=\"true\" class=\"wp-block-spacer\"><\/div>\n<\/a>\n<\/div>\n\n\n\n<div class=\"wp-block-column is-layout-flow wp-block-column-is-layout-flow\">\n<div style=\"height:70px\" aria-hidden=\"true\" class=\"wp-block-spacer\"><\/div>\n\n\n\n<a class=\"wp-block-toolset-blocks-container tb-container product-cards\" href=\"\/labmaps\" style=\"display:block\" data-toolset-blocks-container=\"8c62ff388b136955d1c6911cfdba47d1\">\n<div class=\"wp-block-image\"><figure class=\"aligncenter size-large\"><img loading=\"lazy\" decoding=\"async\" width=\"450\" height=\"300\" src=\"https:\/\/labstats.com\/wp-content\/uploads\/2021\/03\/FR_LabMap_450.png\" alt=\"\" class=\"wp-image-11997\" srcset=\"https:\/\/labstats.com\/wp-content\/uploads\/2021\/03\/FR_LabMap_450-200x133.png 200w, https:\/\/labstats.com\/wp-content\/uploads\/2021\/03\/FR_LabMap_450-300x200.png 300w, https:\/\/labstats.com\/wp-content\/uploads\/2021\/03\/FR_LabMap_450-400x267.png 400w, https:\/\/labstats.com\/wp-content\/uploads\/2021\/03\/FR_LabMap_450.png 450w\" sizes=\"(max-width: 450px) 100vw, 450px\" \/><\/figure><\/div>\n\n\n\n<h3 class=\"wp-block-heading\">LabMaps<br><\/h3>\n\n\n\n<p>Affichez en direct la disponibilit\u00e9 des ordinateurs sur des kiosques et sur le site web de votre \u00e9tablissement.<\/p>\n\n\n\n<div style=\"height:40px\" aria-hidden=\"true\" class=\"wp-block-spacer\"><\/div>\n<\/a>\n\n\n\n<div style=\"height:70px\" aria-hidden=\"true\" class=\"wp-block-spacer\"><\/div>\n\n\n\n<a class=\"wp-block-toolset-blocks-container tb-container product-cards\" href=\"\/fr\/nous-contacter\/#support\" style=\"display:block\" data-toolset-blocks-container=\"d96029eebb19f300a2425de99a76c821\">\n<div class=\"wp-block-image\"><figure class=\"aligncenter size-large\"><img loading=\"lazy\" decoding=\"async\" width=\"450\" height=\"300\" src=\"https:\/\/labstats.com\/wp-content\/uploads\/2021\/03\/LabStats-Customer-Success-Team-1.png\" alt=\"\" class=\"wp-image-8352\" srcset=\"https:\/\/labstats.com\/wp-content\/uploads\/2021\/03\/LabStats-Customer-Success-Team-1-200x133.png 200w, https:\/\/labstats.com\/wp-content\/uploads\/2021\/03\/LabStats-Customer-Success-Team-1-300x200.png 300w, https:\/\/labstats.com\/wp-content\/uploads\/2021\/03\/LabStats-Customer-Success-Team-1-400x267.png 400w, https:\/\/labstats.com\/wp-content\/uploads\/2021\/03\/LabStats-Customer-Success-Team-1.png 450w\" sizes=\"(max-width: 450px) 100vw, 450px\" \/><\/figure><\/div>\n\n\n\n<h3 class=\"wp-block-heading\">Support<br><\/h3>\n\n\n\n<p>Vous avez une question \u00e0 nous poser? Prenez contact avec un membre de notre \u00e9quipe.<\/p>\n\n\n\n<div style=\"height:40px\" aria-hidden=\"true\" class=\"wp-block-spacer\"><\/div>\n<\/a>\n<\/div>\n<\/div>\n<\/div><\/div>\n\n\n\n<div style=\"height:50px\" aria-hidden=\"true\" class=\"wp-block-spacer\"><\/div>\n\n\n\n<div class=\"wp-block-toolset-blocks-container tb-container\" data-toolset-blocks-container=\"5eb45c2de107012f2b6d3cba4d5914d1\"><div class=\"tb-container-inner\">\n<h3 class=\"has-text-align-center wp-block-heading\">Une solution pour l&rsquo;ensemble du campus<\/h3>\n\n\n\n<p class=\"has-text-align-center\">LabStats est la meilleure solution pour l&rsquo;ensemble de votre campus &#8211; sur les machines destin\u00e9es aux \u00e9tudiants, les espaces informatiques publics, les postes de travail du personnel et plus encore. Un prix unique et fixe pour s&rsquo;adapter aux budgets des \u00e9coles et des universit\u00e9s.<\/p>\n\n\n\n<div class=\"tb-button\" data-toolset-blocks-button=\"b9cb5b0434808f370cb53171074fdd8a\"><a class=\"tb-button__link\" href=\"\/fr\/tarifs\/\"><i class=\"tb-button__icon\"><\/i><span class=\"tb-button__content\">Voir les tarifs<\/span><\/a><\/div>\n<\/div><\/div>\n","protected":false},"excerpt":{"rendered":"","protected":false},"author":4,"featured_media":0,"parent":0,"menu_order":0,"comment_status":"closed","ping_status":"closed","template":"","meta":{"content-type":"","_monsterinsights_skip_tracking":false,"_monsterinsights_sitenote_active":false,"_monsterinsights_sitenote_note":"","_monsterinsights_sitenote_category":0,"footnotes":""},"class_list":["post-9348","page","type-page","status-publish","hentry"],"yoast_head":"<!-- This site is optimized with the Yoast SEO plugin v25.9 - https:\/\/yoast.com\/wordpress\/plugins\/seo\/ -->\n<title>Produit - LabStats<\/title>\n<meta name=\"robots\" content=\"index, follow, max-snippet:-1, max-image-preview:large, max-video-preview:-1\" \/>\n<link rel=\"canonical\" href=\"https:\/\/labstats.com\/fr\/produit\/\" \/>\n<meta property=\"og:locale\" content=\"fr_FR\" \/>\n<meta property=\"og:type\" content=\"article\" \/>\n<meta property=\"og:title\" content=\"Produit - LabStats\" \/>\n<meta property=\"og:url\" content=\"https:\/\/labstats.com\/fr\/produit\/\" \/>\n<meta property=\"og:site_name\" content=\"LabStats\" \/>\n<meta property=\"article:modified_time\" content=\"2021-07-26T20:22:14+00:00\" \/>\n<meta property=\"og:image\" content=\"https:\/\/labstats.com\/wp-content\/uploads\/2021\/03\/Computer-Lab-Monitoring-Report-1.png\" \/>\n<meta name=\"twitter:card\" content=\"summary_large_image\" \/>\n<meta name=\"twitter:label1\" content=\"Dur\u00e9e de lecture estim\u00e9e\" \/>\n\t<meta name=\"twitter:data1\" content=\"1 minute\" \/>\n<script type=\"application\/ld+json\" class=\"yoast-schema-graph\">{\"@context\":\"https:\/\/schema.org\",\"@graph\":[{\"@type\":\"WebPage\",\"@id\":\"https:\/\/labstats.com\/fr\/produit\/\",\"url\":\"https:\/\/labstats.com\/fr\/produit\/\",\"name\":\"Produit - LabStats\",\"isPartOf\":{\"@id\":\"https:\/\/labstats.com\/fr\/#website\"},\"primaryImageOfPage\":{\"@id\":\"https:\/\/labstats.com\/fr\/produit\/#primaryimage\"},\"image\":{\"@id\":\"https:\/\/labstats.com\/fr\/produit\/#primaryimage\"},\"thumbnailUrl\":\"https:\/\/labstats.com\/wp-content\/uploads\/2021\/03\/Computer-Lab-Monitoring-Report-1.png\",\"datePublished\":\"2021-03-15T16:07:23+00:00\",\"dateModified\":\"2021-07-26T20:22:14+00:00\",\"breadcrumb\":{\"@id\":\"https:\/\/labstats.com\/fr\/produit\/#breadcrumb\"},\"inLanguage\":\"fr-FR\",\"potentialAction\":[{\"@type\":\"ReadAction\",\"target\":[\"https:\/\/labstats.com\/fr\/produit\/\"]}]},{\"@type\":\"ImageObject\",\"inLanguage\":\"fr-FR\",\"@id\":\"https:\/\/labstats.com\/fr\/produit\/#primaryimage\",\"url\":\"https:\/\/labstats.com\/wp-content\/uploads\/2021\/03\/Computer-Lab-Monitoring-Report-1.png\",\"contentUrl\":\"https:\/\/labstats.com\/wp-content\/uploads\/2021\/03\/Computer-Lab-Monitoring-Report-1.png\"},{\"@type\":\"BreadcrumbList\",\"@id\":\"https:\/\/labstats.com\/fr\/produit\/#breadcrumb\",\"itemListElement\":[{\"@type\":\"ListItem\",\"position\":1,\"name\":\"Home\",\"item\":\"https:\/\/labstats.com\/\"},{\"@type\":\"ListItem\",\"position\":2,\"name\":\"Produit\"}]},{\"@type\":\"WebSite\",\"@id\":\"https:\/\/labstats.com\/fr\/#website\",\"url\":\"https:\/\/labstats.com\/fr\/\",\"name\":\"LabStats\",\"description\":\"Computer Lab Monitoring\",\"publisher\":{\"@id\":\"https:\/\/labstats.com\/fr\/#organization\"},\"potentialAction\":[{\"@type\":\"SearchAction\",\"target\":{\"@type\":\"EntryPoint\",\"urlTemplate\":\"https:\/\/labstats.com\/fr\/?s={search_term_string}\"},\"query-input\":{\"@type\":\"PropertyValueSpecification\",\"valueRequired\":true,\"valueName\":\"search_term_string\"}}],\"inLanguage\":\"fr-FR\"},{\"@type\":\"Organization\",\"@id\":\"https:\/\/labstats.com\/fr\/#organization\",\"name\":\"LabStats\",\"url\":\"https:\/\/labstats.com\/fr\/\",\"logo\":{\"@type\":\"ImageObject\",\"inLanguage\":\"fr-FR\",\"@id\":\"https:\/\/labstats.com\/fr\/#\/schema\/logo\/image\/\",\"url\":\"https:\/\/labstats.com\/wp-content\/uploads\/2021\/05\/LogoGoogleAdmin1.png\",\"contentUrl\":\"https:\/\/labstats.com\/wp-content\/uploads\/2021\/05\/LogoGoogleAdmin1.png\",\"width\":320,\"height\":110,\"caption\":\"LabStats\"},\"image\":{\"@id\":\"https:\/\/labstats.com\/fr\/#\/schema\/logo\/image\/\"}}]}<\/script>\n<!-- \/ Yoast SEO plugin. -->","yoast_head_json":{"title":"Produit - LabStats","robots":{"index":"index","follow":"follow","max-snippet":"max-snippet:-1","max-image-preview":"max-image-preview:large","max-video-preview":"max-video-preview:-1"},"canonical":"https:\/\/labstats.com\/fr\/produit\/","og_locale":"fr_FR","og_type":"article","og_title":"Produit - LabStats","og_url":"https:\/\/labstats.com\/fr\/produit\/","og_site_name":"LabStats","article_modified_time":"2021-07-26T20:22:14+00:00","og_image":[{"url":"https:\/\/labstats.com\/wp-content\/uploads\/2021\/03\/Computer-Lab-Monitoring-Report-1.png","type":"","width":"","height":""}],"twitter_card":"summary_large_image","twitter_misc":{"Dur\u00e9e de lecture estim\u00e9e":"1 minute"},"schema":{"@context":"https:\/\/schema.org","@graph":[{"@type":"WebPage","@id":"https:\/\/labstats.com\/fr\/produit\/","url":"https:\/\/labstats.com\/fr\/produit\/","name":"Produit - LabStats","isPartOf":{"@id":"https:\/\/labstats.com\/fr\/#website"},"primaryImageOfPage":{"@id":"https:\/\/labstats.com\/fr\/produit\/#primaryimage"},"image":{"@id":"https:\/\/labstats.com\/fr\/produit\/#primaryimage"},"thumbnailUrl":"https:\/\/labstats.com\/wp-content\/uploads\/2021\/03\/Computer-Lab-Monitoring-Report-1.png","datePublished":"2021-03-15T16:07:23+00:00","dateModified":"2021-07-26T20:22:14+00:00","breadcrumb":{"@id":"https:\/\/labstats.com\/fr\/produit\/#breadcrumb"},"inLanguage":"fr-FR","potentialAction":[{"@type":"ReadAction","target":["https:\/\/labstats.com\/fr\/produit\/"]}]},{"@type":"ImageObject","inLanguage":"fr-FR","@id":"https:\/\/labstats.com\/fr\/produit\/#primaryimage","url":"https:\/\/labstats.com\/wp-content\/uploads\/2021\/03\/Computer-Lab-Monitoring-Report-1.png","contentUrl":"https:\/\/labstats.com\/wp-content\/uploads\/2021\/03\/Computer-Lab-Monitoring-Report-1.png"},{"@type":"BreadcrumbList","@id":"https:\/\/labstats.com\/fr\/produit\/#breadcrumb","itemListElement":[{"@type":"ListItem","position":1,"name":"Home","item":"https:\/\/labstats.com\/"},{"@type":"ListItem","position":2,"name":"Produit"}]},{"@type":"WebSite","@id":"https:\/\/labstats.com\/fr\/#website","url":"https:\/\/labstats.com\/fr\/","name":"LabStats","description":"Computer Lab Monitoring","publisher":{"@id":"https:\/\/labstats.com\/fr\/#organization"},"potentialAction":[{"@type":"SearchAction","target":{"@type":"EntryPoint","urlTemplate":"https:\/\/labstats.com\/fr\/?s={search_term_string}"},"query-input":{"@type":"PropertyValueSpecification","valueRequired":true,"valueName":"search_term_string"}}],"inLanguage":"fr-FR"},{"@type":"Organization","@id":"https:\/\/labstats.com\/fr\/#organization","name":"LabStats","url":"https:\/\/labstats.com\/fr\/","logo":{"@type":"ImageObject","inLanguage":"fr-FR","@id":"https:\/\/labstats.com\/fr\/#\/schema\/logo\/image\/","url":"https:\/\/labstats.com\/wp-content\/uploads\/2021\/05\/LogoGoogleAdmin1.png","contentUrl":"https:\/\/labstats.com\/wp-content\/uploads\/2021\/05\/LogoGoogleAdmin1.png","width":320,"height":110,"caption":"LabStats"},"image":{"@id":"https:\/\/labstats.com\/fr\/#\/schema\/logo\/image\/"}}]}},"_links":{"self":[{"href":"https:\/\/labstats.com\/fr\/wp-json\/wp\/v2\/pages\/9348","targetHints":{"allow":["GET"]}}],"collection":[{"href":"https:\/\/labstats.com\/fr\/wp-json\/wp\/v2\/pages"}],"about":[{"href":"https:\/\/labstats.com\/fr\/wp-json\/wp\/v2\/types\/page"}],"author":[{"embeddable":true,"href":"https:\/\/labstats.com\/fr\/wp-json\/wp\/v2\/users\/4"}],"replies":[{"embeddable":true,"href":"https:\/\/labstats.com\/fr\/wp-json\/wp\/v2\/comments?post=9348"}],"version-history":[{"count":0,"href":"https:\/\/labstats.com\/fr\/wp-json\/wp\/v2\/pages\/9348\/revisions"}],"wp:attachment":[{"href":"https:\/\/labstats.com\/fr\/wp-json\/wp\/v2\/media?parent=9348"}],"curies":[{"name":"wp","href":"https:\/\/api.w.org\/{rel}","templated":true}]}}